{"id":168,"date":"2024-10-07T14:00:32","date_gmt":"2024-10-07T12:00:32","guid":{"rendered":"https:\/\/tegtam.sk\/sk\/?page_id=168"},"modified":"2024-10-07T18:47:35","modified_gmt":"2024-10-07T16:47:35","slug":"cennik","status":"publish","type":"page","link":"https:\/\/tegtam.sk\/sk\/cennik\/","title":{"rendered":"Cenn\u00edk"},"content":{"rendered":"\t\t<div data-elementor-type=\"wp-page\" data-elementor-id=\"168\" class=\"elementor elementor-168\">\n\t\t\t\t<div class=\"elementor-element elementor-element-c0a8e5e e-grid e-con-boxed e-con e-parent\" data-id=\"c0a8e5e\" data-element_type=\"container\">\n\t\t\t\t\t<div class=\"e-con-inner\">\n\t\t\t\t<div class=\"elementor-element elementor-element-1666d11 elementor-widget elementor-widget-text-editor\" data-id=\"1666d11\" data-element_type=\"widget\" data-widget_type=\"text-editor.default\">\n\t\t\t\t<div class=\"elementor-widget-container\">\n\t\t\t\t\t\t\t<p>Osobn\u00e1 konzult\u00e1cia<br \/>v trvan\u00ed 50 min\u00fat<\/p>\n<p><strong>40 \u20ac<\/strong><\/p>\t\t\t\t\t\t<\/div>\n\t\t\t\t<\/div>\n\t\t\t\t<div class=\"elementor-element elementor-element-17ed020 elementor-widget elementor-widget-text-editor\" data-id=\"17ed020\" data-element_type=\"widget\" data-widget_type=\"text-editor.default\">\n\t\t\t\t<div class=\"elementor-widget-container\">\n\t\t\t\t\t\t\t<p>Online konzult\u00e1cia<br \/>v trvan\u00ed 50 min\u00fat<\/p>\n<p><strong>50 \u20ac<\/strong><\/p>\t\t\t\t\t\t<\/div>\n\t\t\t\t<\/div>\n\t\t\t\t<div class=\"elementor-element elementor-element-3e9e3d7 elementor-widget elementor-widget-text-editor\" data-id=\"3e9e3d7\" data-element_type=\"widget\" data-widget_type=\"text-editor.default\">\n\t\t\t\t<div class=\"elementor-widget-container\">\n\t\t\t\t\t\t\t<p>Osobn\u00e1 konzult\u00e1cia<br \/>pre p\u00e1r v trvan\u00ed 1h<\/p>\n<p><strong>50 \u20ac<\/strong>\u00a0 \u00a0\u00a0<\/p>\t\t\t\t\t\t<\/div>\n\t\t\t\t<\/div>\n\t\t\t\t\t<\/div>\n\t\t\t\t<\/div>\n\t\t<div class=\"elementor-element elementor-element-a0073a1 e-flex e-con-boxed e-con e-parent\" data-id=\"a0073a1\" data-element_type=\"container\">\n\t\t\t\t\t<div class=\"e-con-inner\">\n\t\t\t\t<div class=\"elementor-element elementor-element-9946ba0 elementor-widget elementor-widget-text-editor\" data-id=\"9946ba0\" data-element_type=\"widget\" data-widget_type=\"text-editor.default\">\n\t\t\t\t<div class=\"elementor-widget-container\">\n\t\t\t\t\t\t\t<p>Pri zru\u0161en\u00ed term\u00ednu menej ako 24h pred stretnut\u00edm \u00fa\u010dtujem cel\u00fa sumu sedenia.<\/p>\t\t\t\t\t\t<\/div>\n\t\t\t\t<\/div>\n\t\t\t\t\t<\/div>\n\t\t\t\t<\/div>\n\t\t<div class=\"elementor-element elementor-element-01769ef e-flex e-con-boxed e-con e-parent\" data-id=\"01769ef\" data-element_type=\"container\">\n\t\t\t\t\t<div class=\"e-con-inner\">\n\t\t\t\t<div class=\"elementor-element elementor-element-0259505 elementor-widget-divider--separator-type-pattern elementor-widget-divider--view-line elementor-widget elementor-widget-divider\" data-id=\"0259505\" data-element_type=\"widget\" data-widget_type=\"divider.default\">\n\t\t\t\t<div class=\"elementor-widget-container\">\n\t\t\t\t\t<div class=\"elementor-divider\" style=\"--divider-pattern-url: url(&quot;data:image\/svg+xml,%3Csvg xmlns=&#039;http:\/\/www.w3.org\/2000\/svg&#039; preserveAspectRatio=&#039;none&#039; overflow=&#039;visible&#039; height=&#039;100%&#039; viewBox=&#039;0 0 20 16&#039; fill=&#039;none&#039; stroke=&#039;black&#039; stroke-width=&#039;1&#039; stroke-linecap=&#039;square&#039; stroke-miterlimit=&#039;10&#039;%3E%3Cg transform=&#039;translate(-12.000000, 0)&#039;%3E%3Cpath d=&#039;M28,0L10,18&#039;\/%3E%3Cpath d=&#039;M18,0L0,18&#039;\/%3E%3Cpath d=&#039;M48,0L30,18&#039;\/%3E%3Cpath d=&#039;M38,0L20,18&#039;\/%3E%3C\/g%3E%3C\/svg%3E&quot;);\">\n\t\t\t<span class=\"elementor-divider-separator\">\n\t\t\t\t\t\t<\/span>\n\t\t<\/div>\n\t\t\t\t<\/div>\n\t\t\t\t<\/div>\n\t\t\t\t\t<\/div>\n\t\t\t\t<\/div>\n\t\t\t\t<\/div>\n\t\t","protected":false},"excerpt":{"rendered":"<p>Osobn\u00e1 konzult\u00e1ciav trvan\u00ed 50 min\u00fat 40 \u20ac Online konzult\u00e1ciav trvan\u00ed 50 min\u00fat 50 \u20ac Osobn\u00e1 konzult\u00e1ciapre p\u00e1r v trvan\u00ed 1h 50 \u20ac\u00a0 \u00a0\u00a0 Pri zru\u0161en\u00ed term\u00ednu menej ako 24h pred stretnut\u00edm \u00fa\u010dtujem cel\u00fa sumu sedenia.<\/p>\n","protected":false},"author":1,"featured_media":0,"parent":0,"menu_order":0,"comment_status":"closed","ping_status":"closed","template":"","meta":{"footnotes":""},"class_list":["post-168","page","type-page","status-publish","hentry"],"yoast_head":"<!-- This site is optimized with the Yoast SEO plugin v23.5 - https:\/\/yoast.com\/wordpress\/plugins\/seo\/ -->\n<title>Cenn\u00edk - Mgr. Tam\u00e1s Tegdes - TEG-TAM<\/title>\n<meta name=\"robots\" content=\"index, follow, max-snippet:-1, max-image-preview:large, max-video-preview:-1\" \/>\n<link rel=\"canonical\" href=\"https:\/\/tegtam.sk\/sk\/cennik\/\" \/>\n<meta property=\"og:locale\" content=\"sk_SK\" \/>\n<meta property=\"og:type\" content=\"article\" \/>\n<meta property=\"og:title\" content=\"Cenn\u00edk - Mgr. Tam\u00e1s Tegdes - TEG-TAM\" \/>\n<meta property=\"og:description\" content=\"Osobn\u00e1 konzult\u00e1ciav trvan\u00ed 50 min\u00fat 40 \u20ac Online konzult\u00e1ciav trvan\u00ed 50 min\u00fat 50 \u20ac Osobn\u00e1 konzult\u00e1ciapre p\u00e1r v trvan\u00ed 1h 50 \u20ac\u00a0 \u00a0\u00a0 Pri zru\u0161en\u00ed term\u00ednu menej ako 24h pred stretnut\u00edm \u00fa\u010dtujem cel\u00fa sumu sedenia.\" \/>\n<meta property=\"og:url\" content=\"https:\/\/tegtam.sk\/sk\/cennik\/\" \/>\n<meta property=\"og:site_name\" content=\"Mgr. Tam\u00e1s Tegdes - TEG-TAM\" \/>\n<meta property=\"article:modified_time\" content=\"2024-10-07T16:47:35+00:00\" \/>\n<meta name=\"twitter:card\" content=\"summary_large_image\" \/>\n<meta name=\"twitter:label1\" content=\"Predpokladan\u00fd \u010das \u010d\u00edtania\" \/>\n\t<meta name=\"twitter:data1\" content=\"1 min\u00fata\" \/>\n<script type=\"application\/ld+json\" class=\"yoast-schema-graph\">{\"@context\":\"https:\/\/schema.org\",\"@graph\":[{\"@type\":\"WebPage\",\"@id\":\"https:\/\/tegtam.sk\/sk\/cennik\/\",\"url\":\"https:\/\/tegtam.sk\/sk\/cennik\/\",\"name\":\"Cenn\u00edk - Mgr. Tam\u00e1s Tegdes - TEG-TAM\",\"isPartOf\":{\"@id\":\"https:\/\/tegtam.sk\/sk\/#website\"},\"datePublished\":\"2024-10-07T12:00:32+00:00\",\"dateModified\":\"2024-10-07T16:47:35+00:00\",\"breadcrumb\":{\"@id\":\"https:\/\/tegtam.sk\/sk\/cennik\/#breadcrumb\"},\"inLanguage\":\"sk-SK\",\"potentialAction\":[{\"@type\":\"ReadAction\",\"target\":[\"https:\/\/tegtam.sk\/sk\/cennik\/\"]}]},{\"@type\":\"BreadcrumbList\",\"@id\":\"https:\/\/tegtam.sk\/sk\/cennik\/#breadcrumb\",\"itemListElement\":[{\"@type\":\"ListItem\",\"position\":1,\"name\":\"Domovsk\u00e1 str\u00e1nka\",\"item\":\"https:\/\/tegtam.sk\/sk\/\"},{\"@type\":\"ListItem\",\"position\":2,\"name\":\"Cenn\u00edk\"}]},{\"@type\":\"WebSite\",\"@id\":\"https:\/\/tegtam.sk\/sk\/#website\",\"url\":\"https:\/\/tegtam.sk\/sk\/\",\"name\":\"Mgr. Tam\u00e1s Tegdes - TEG-TAM\",\"description\":\"\",\"publisher\":{\"@id\":\"https:\/\/tegtam.sk\/sk\/#organization\"},\"potentialAction\":[{\"@type\":\"SearchAction\",\"target\":{\"@type\":\"EntryPoint\",\"urlTemplate\":\"https:\/\/tegtam.sk\/sk\/?s={search_term_string}\"},\"query-input\":{\"@type\":\"PropertyValueSpecification\",\"valueRequired\":true,\"valueName\":\"search_term_string\"}}],\"inLanguage\":\"sk-SK\"},{\"@type\":\"Organization\",\"@id\":\"https:\/\/tegtam.sk\/sk\/#organization\",\"name\":\"Mgr. Tam\u00e1s Tegdes - TEG-TAM\",\"url\":\"https:\/\/tegtam.sk\/sk\/\",\"logo\":{\"@type\":\"ImageObject\",\"inLanguage\":\"sk-SK\",\"@id\":\"https:\/\/tegtam.sk\/sk\/#\/schema\/logo\/image\/\",\"url\":\"https:\/\/tegtam.sk\/sk\/wp-content\/uploads\/2024\/09\/cropped-cropped-TegTom_logo2022_szines.png\",\"contentUrl\":\"https:\/\/tegtam.sk\/sk\/wp-content\/uploads\/2024\/09\/cropped-cropped-TegTom_logo2022_szines.png\",\"width\":512,\"height\":512,\"caption\":\"Mgr. Tam\u00e1s Tegdes - TEG-TAM\"},\"image\":{\"@id\":\"https:\/\/tegtam.sk\/sk\/#\/schema\/logo\/image\/\"}}]}<\/script>\n<!-- \/ Yoast SEO plugin. -->","yoast_head_json":{"title":"Cenn\u00edk - Mgr. Tam\u00e1s Tegdes - TEG-TAM","robots":{"index":"index","follow":"follow","max-snippet":"max-snippet:-1","max-image-preview":"max-image-preview:large","max-video-preview":"max-video-preview:-1"},"canonical":"https:\/\/tegtam.sk\/sk\/cennik\/","og_locale":"sk_SK","og_type":"article","og_title":"Cenn\u00edk - Mgr. Tam\u00e1s Tegdes - TEG-TAM","og_description":"Osobn\u00e1 konzult\u00e1ciav trvan\u00ed 50 min\u00fat 40 \u20ac Online konzult\u00e1ciav trvan\u00ed 50 min\u00fat 50 \u20ac Osobn\u00e1 konzult\u00e1ciapre p\u00e1r v trvan\u00ed 1h 50 \u20ac\u00a0 \u00a0\u00a0 Pri zru\u0161en\u00ed term\u00ednu menej ako 24h pred stretnut\u00edm \u00fa\u010dtujem cel\u00fa sumu sedenia.","og_url":"https:\/\/tegtam.sk\/sk\/cennik\/","og_site_name":"Mgr. Tam\u00e1s Tegdes - TEG-TAM","article_modified_time":"2024-10-07T16:47:35+00:00","twitter_card":"summary_large_image","twitter_misc":{"Predpokladan\u00fd \u010das \u010d\u00edtania":"1 min\u00fata"},"schema":{"@context":"https:\/\/schema.org","@graph":[{"@type":"WebPage","@id":"https:\/\/tegtam.sk\/sk\/cennik\/","url":"https:\/\/tegtam.sk\/sk\/cennik\/","name":"Cenn\u00edk - Mgr. Tam\u00e1s Tegdes - TEG-TAM","isPartOf":{"@id":"https:\/\/tegtam.sk\/sk\/#website"},"datePublished":"2024-10-07T12:00:32+00:00","dateModified":"2024-10-07T16:47:35+00:00","breadcrumb":{"@id":"https:\/\/tegtam.sk\/sk\/cennik\/#breadcrumb"},"inLanguage":"sk-SK","potentialAction":[{"@type":"ReadAction","target":["https:\/\/tegtam.sk\/sk\/cennik\/"]}]},{"@type":"BreadcrumbList","@id":"https:\/\/tegtam.sk\/sk\/cennik\/#breadcrumb","itemListElement":[{"@type":"ListItem","position":1,"name":"Domovsk\u00e1 str\u00e1nka","item":"https:\/\/tegtam.sk\/sk\/"},{"@type":"ListItem","position":2,"name":"Cenn\u00edk"}]},{"@type":"WebSite","@id":"https:\/\/tegtam.sk\/sk\/#website","url":"https:\/\/tegtam.sk\/sk\/","name":"Mgr. Tam\u00e1s Tegdes - TEG-TAM","description":"","publisher":{"@id":"https:\/\/tegtam.sk\/sk\/#organization"},"potentialAction":[{"@type":"SearchAction","target":{"@type":"EntryPoint","urlTemplate":"https:\/\/tegtam.sk\/sk\/?s={search_term_string}"},"query-input":{"@type":"PropertyValueSpecification","valueRequired":true,"valueName":"search_term_string"}}],"inLanguage":"sk-SK"},{"@type":"Organization","@id":"https:\/\/tegtam.sk\/sk\/#organization","name":"Mgr. Tam\u00e1s Tegdes - TEG-TAM","url":"https:\/\/tegtam.sk\/sk\/","logo":{"@type":"ImageObject","inLanguage":"sk-SK","@id":"https:\/\/tegtam.sk\/sk\/#\/schema\/logo\/image\/","url":"https:\/\/tegtam.sk\/sk\/wp-content\/uploads\/2024\/09\/cropped-cropped-TegTom_logo2022_szines.png","contentUrl":"https:\/\/tegtam.sk\/sk\/wp-content\/uploads\/2024\/09\/cropped-cropped-TegTom_logo2022_szines.png","width":512,"height":512,"caption":"Mgr. Tam\u00e1s Tegdes - TEG-TAM"},"image":{"@id":"https:\/\/tegtam.sk\/sk\/#\/schema\/logo\/image\/"}}]}},"_links":{"self":[{"href":"https:\/\/tegtam.sk\/sk\/wp-json\/wp\/v2\/pages\/168","targetHints":{"allow":["GET"]}}],"collection":[{"href":"https:\/\/tegtam.sk\/sk\/wp-json\/wp\/v2\/pages"}],"about":[{"href":"https:\/\/tegtam.sk\/sk\/wp-json\/wp\/v2\/types\/page"}],"author":[{"embeddable":true,"href":"https:\/\/tegtam.sk\/sk\/wp-json\/wp\/v2\/users\/1"}],"replies":[{"embeddable":true,"href":"https:\/\/tegtam.sk\/sk\/wp-json\/wp\/v2\/comments?post=168"}],"version-history":[{"count":6,"href":"https:\/\/tegtam.sk\/sk\/wp-json\/wp\/v2\/pages\/168\/revisions"}],"predecessor-version":[{"id":201,"href":"https:\/\/tegtam.sk\/sk\/wp-json\/wp\/v2\/pages\/168\/revisions\/201"}],"wp:attachment":[{"href":"https:\/\/tegtam.sk\/sk\/wp-json\/wp\/v2\/media?parent=168"}],"curies":[{"name":"wp","href":"https:\/\/api.w.org\/{rel}","templated":true}]}}