{"id":186,"date":"2024-10-07T18:10:08","date_gmt":"2024-10-07T16:10:08","guid":{"rendered":"https:\/\/tegtam.sk\/sk\/?page_id=186"},"modified":"2024-10-08T10:24:15","modified_gmt":"2024-10-08T08:24:15","slug":"domov","status":"publish","type":"page","link":"https:\/\/tegtam.sk\/sk\/","title":{"rendered":"Vitajte!"},"content":{"rendered":"\t\t<div data-elementor-type=\"wp-page\" data-elementor-id=\"186\" class=\"elementor elementor-186\">\n\t\t\t\t<div class=\"elementor-element elementor-element-ceee320 e-con-full e-flex e-con e-parent\" data-id=\"ceee320\" data-element_type=\"container\">\n\t\t<div class=\"elementor-element elementor-element-a022375 e-con-full e-flex e-con e-child\" data-id=\"a022375\" data-element_type=\"container\">\n\t\t\t\t<div class=\"elementor-element elementor-element-f1b0c73 elementor-widget elementor-widget-text-editor\" data-id=\"f1b0c73\" data-element_type=\"widget\" data-widget_type=\"text-editor.default\">\n\t\t\t\t<div class=\"elementor-widget-container\">\n\t\t\t\t\t\t\t<p>Som Tam\u00e1s Tegdes, klinick\u00fd psychol\u00f3g a psychoterapeut na psychiatrickom oddelen\u00ed a pri mojom zamestnan\u00ed prij\u00edmam aj s\u00fakromn\u00fdch klientov, v r\u00e1mci poradenstva osobn\u00e9ho rozvoja. Tieto konzult\u00e1cie nie s\u00fa zdravotn\u00edckym v\u00fdkonom. Pracujem pomocou princ\u00edpov gestalt psychoterapie, \u010do je na pre\u017e\u00edvanie a pr\u00edtomnos\u0165 zameran\u00fd sp\u00f4sob preh\u013abenia kontaktu so sebou a roz\u0161\u00edrenie uvedomenia. Vyu\u017e\u00edvam aj EMDR terapiu, \u010do je efekt\u00edvny n\u00e1stroj pr\u00e1ce so psychotraumou zalo\u017een\u00fd na neurobiologick\u00fdch z\u00e1kladoch spracov\u00e1vania z\u00e1\u0165a\u017ee. Pri pr\u00e1ci s p\u00e1rmi vych\u00e1dzam z terapie zameranej na em\u00f3cie.<\/p>\t\t\t\t\t\t<\/div>\n\t\t\t\t<\/div>\n\t\t\t\t<\/div>\n\t\t<div class=\"elementor-element elementor-element-cfebe54 e-con-full e-flex e-con e-child\" data-id=\"cfebe54\" data-element_type=\"container\">\n\t\t\t\t<div class=\"elementor-element elementor-element-99a7309 elementor-widget elementor-widget-image\" data-id=\"99a7309\" data-element_type=\"widget\" data-widget_type=\"image.default\">\n\t\t\t\t<div class=\"elementor-widget-container\">\n\t\t\t\t\t\t\t\t\t\t\t\t\t<img fetchpriority=\"high\" decoding=\"async\" width=\"662\" height=\"1024\" src=\"https:\/\/tegtam.sk\/sk\/wp-content\/uploads\/2024\/10\/tegtam-gyengebb-minoseg-2-662x1024.jpg\" class=\"attachment-large size-large wp-image-147\" alt=\"\" srcset=\"https:\/\/tegtam.sk\/sk\/wp-content\/uploads\/2024\/10\/tegtam-gyengebb-minoseg-2-662x1024.jpg 662w, https:\/\/tegtam.sk\/sk\/wp-content\/uploads\/2024\/10\/tegtam-gyengebb-minoseg-2-194x300.jpg 194w, https:\/\/tegtam.sk\/sk\/wp-content\/uploads\/2024\/10\/tegtam-gyengebb-minoseg-2-768x1188.jpg 768w, https:\/\/tegtam.sk\/sk\/wp-content\/uploads\/2024\/10\/tegtam-gyengebb-minoseg-2-993x1536.jpg 993w, https:\/\/tegtam.sk\/sk\/wp-content\/uploads\/2024\/10\/tegtam-gyengebb-minoseg-2-1324x2048.jpg 1324w, https:\/\/tegtam.sk\/sk\/wp-content\/uploads\/2024\/10\/tegtam-gyengebb-minoseg-2-scaled.jpg 1655w\" sizes=\"(max-width: 662px) 100vw, 662px\" \/>\t\t\t\t\t\t\t\t\t\t\t\t\t<\/div>\n\t\t\t\t<\/div>\n\t\t\t\t<\/div>\n\t\t\t\t<\/div>\n\t\t<div class=\"elementor-element elementor-element-7378a86 e-flex e-con-boxed e-con e-parent\" data-id=\"7378a86\" data-element_type=\"container\">\n\t\t\t\t\t<div class=\"e-con-inner\">\n\t\t<div class=\"elementor-element elementor-element-9841a52 e-con-full e-flex e-con e-child\" data-id=\"9841a52\" data-element_type=\"container\">\n\t\t\t\t<div class=\"elementor-element elementor-element-8b2a2ee elementor-widget elementor-widget-image\" data-id=\"8b2a2ee\" data-element_type=\"widget\" data-widget_type=\"image.default\">\n\t\t\t\t<div class=\"elementor-widget-container\">\n\t\t\t\t\t\t\t\t\t\t\t\t\t<img decoding=\"async\" width=\"1024\" height=\"732\" src=\"https:\/\/tegtam.sk\/sk\/wp-content\/uploads\/2024\/09\/tegtam-gyengebb-minoseg-4-1024x732.jpg\" class=\"attachment-large size-large wp-image-155\" alt=\"\" srcset=\"https:\/\/tegtam.sk\/sk\/wp-content\/uploads\/2024\/09\/tegtam-gyengebb-minoseg-4-1024x732.jpg 1024w, https:\/\/tegtam.sk\/sk\/wp-content\/uploads\/2024\/09\/tegtam-gyengebb-minoseg-4-300x215.jpg 300w, https:\/\/tegtam.sk\/sk\/wp-content\/uploads\/2024\/09\/tegtam-gyengebb-minoseg-4-768x549.jpg 768w, https:\/\/tegtam.sk\/sk\/wp-content\/uploads\/2024\/09\/tegtam-gyengebb-minoseg-4-1536x1098.jpg 1536w, https:\/\/tegtam.sk\/sk\/wp-content\/uploads\/2024\/09\/tegtam-gyengebb-minoseg-4-2048x1464.jpg 2048w\" sizes=\"(max-width: 1024px) 100vw, 1024px\" \/>\t\t\t\t\t\t\t\t\t\t\t\t\t<\/div>\n\t\t\t\t<\/div>\n\t\t\t\t<\/div>\n\t\t<div class=\"elementor-element elementor-element-63d9431 e-con-full e-flex e-con e-child\" data-id=\"63d9431\" data-element_type=\"container\">\n\t\t\t\t<div class=\"elementor-element elementor-element-643fad0 elementor-widget elementor-widget-text-editor\" data-id=\"643fad0\" data-element_type=\"widget\" data-widget_type=\"text-editor.default\">\n\t\t\t\t<div class=\"elementor-widget-container\">\n\t\t\t\t\t\t\t<p>Pracujem osobne alebo online. Osobne sa s klientmi stret\u00e1vam v mojej kancel\u00e1rii na n\u00e1mest\u00ed v Ro\u017e\u0148ave. Pri online konzult\u00e1ci\u00e1ch pred dohodnut\u00fdm \u010dasom\u00a0klientom po\u0161lem mailom\u00a0pozvanie na videohovor, pou\u017e\u00edvam slu\u017ebu videohovoru cez gmail.\u00a0Na online konzult\u00e1ciu je potrebn\u00e9 s\u00fakromie, kde nebudete nik\u00fdm ru\u0161en\u00fd a po\u010dut\u00fd, stabiln\u00fd internet a zapnut\u00e1 kamera.<\/p>\t\t\t\t\t\t<\/div>\n\t\t\t\t<\/div>\n\t\t\t\t<\/div>\n\t\t\t\t\t<\/div>\n\t\t\t\t<\/div>\n\t\t<div class=\"elementor-element elementor-element-23fb45f e-flex e-con-boxed e-con e-parent\" data-id=\"23fb45f\" data-element_type=\"container\">\n\t\t\t\t\t<div class=\"e-con-inner\">\n\t\t\t\t<div class=\"elementor-element elementor-element-9a71e3d elementor-widget elementor-widget-text-editor\" data-id=\"9a71e3d\" data-element_type=\"widget\" data-widget_type=\"text-editor.default\">\n\t\t\t\t<div class=\"elementor-widget-container\">\n\t\t\t\t\t\t\t<p>Te\u0161\u00edm sa na stretnutie!<\/p>\t\t\t\t\t\t<\/div>\n\t\t\t\t<\/div>\n\t\t\t\t<div class=\"elementor-element elementor-element-230086a elementor-widget-divider--separator-type-pattern elementor-widget-divider--view-line elementor-widget elementor-widget-divider\" data-id=\"230086a\" data-element_type=\"widget\" data-widget_type=\"divider.default\">\n\t\t\t\t<div class=\"elementor-widget-container\">\n\t\t\t\t\t<div class=\"elementor-divider\" style=\"--divider-pattern-url: url(&quot;data:image\/svg+xml,%3Csvg xmlns=&#039;http:\/\/www.w3.org\/2000\/svg&#039; preserveAspectRatio=&#039;none&#039; overflow=&#039;visible&#039; height=&#039;100%&#039; viewBox=&#039;0 0 20 16&#039; fill=&#039;none&#039; stroke=&#039;black&#039; stroke-width=&#039;1&#039; stroke-linecap=&#039;square&#039; stroke-miterlimit=&#039;10&#039;%3E%3Cg transform=&#039;translate(-12.000000, 0)&#039;%3E%3Cpath d=&#039;M28,0L10,18&#039;\/%3E%3Cpath d=&#039;M18,0L0,18&#039;\/%3E%3Cpath d=&#039;M48,0L30,18&#039;\/%3E%3Cpath d=&#039;M38,0L20,18&#039;\/%3E%3C\/g%3E%3C\/svg%3E&quot;);\">\n\t\t\t<span class=\"elementor-divider-separator\">\n\t\t\t\t\t\t<\/span>\n\t\t<\/div>\n\t\t\t\t<\/div>\n\t\t\t\t<\/div>\n\t\t\t\t<div class=\"elementor-element elementor-element-2a82068 elementor-widget elementor-widget-text-editor\" data-id=\"2a82068\" data-element_type=\"widget\" data-widget_type=\"text-editor.default\">\n\t\t\t\t<div class=\"elementor-widget-container\">\n\t\t\t\t\t\t\t<p>Cenn\u00edk slu\u017eieb<\/p>\t\t\t\t\t\t<\/div>\n\t\t\t\t<\/div>\n\t\t\t\t\t<\/div>\n\t\t\t\t<\/div>\n\t\t<div class=\"elementor-element elementor-element-e3a7cfb e-flex e-con-boxed e-con e-parent\" data-id=\"e3a7cfb\" data-element_type=\"container\">\n\t\t\t\t\t<div class=\"e-con-inner\">\n\t\t<div class=\"elementor-element elementor-element-238ba34 e-con-full e-flex e-con e-child\" data-id=\"238ba34\" data-element_type=\"container\">\n\t\t\t\t<div class=\"elementor-element elementor-element-9966a50 elementor-widget elementor-widget-text-editor\" data-id=\"9966a50\" data-element_type=\"widget\" data-widget_type=\"text-editor.default\">\n\t\t\t\t<div class=\"elementor-widget-container\">\n\t\t\t\t\t\t\t<p>Osobn\u00e1 konzult\u00e1cia<br \/>v trvan\u00ed 50 min\u00fat<\/p><p><strong>40 \u20ac<\/strong><\/p>\t\t\t\t\t\t<\/div>\n\t\t\t\t<\/div>\n\t\t\t\t<\/div>\n\t\t<div class=\"elementor-element elementor-element-b97882f e-con-full e-flex e-con e-child\" data-id=\"b97882f\" data-element_type=\"container\">\n\t\t\t\t<div class=\"elementor-element elementor-element-7f1af21 elementor-widget elementor-widget-text-editor\" data-id=\"7f1af21\" data-element_type=\"widget\" data-widget_type=\"text-editor.default\">\n\t\t\t\t<div class=\"elementor-widget-container\">\n\t\t\t\t\t\t\t<p>Online konzult\u00e1cia<br \/>v trvan\u00ed 50 min\u00fat<\/p><p><strong>50 \u20ac<\/strong><\/p>\t\t\t\t\t\t<\/div>\n\t\t\t\t<\/div>\n\t\t\t\t<\/div>\n\t\t<div class=\"elementor-element elementor-element-3d470b4 e-con-full e-flex e-con e-child\" data-id=\"3d470b4\" data-element_type=\"container\">\n\t\t\t\t<div class=\"elementor-element elementor-element-4b76e32 elementor-widget elementor-widget-text-editor\" data-id=\"4b76e32\" data-element_type=\"widget\" data-widget_type=\"text-editor.default\">\n\t\t\t\t<div class=\"elementor-widget-container\">\n\t\t\t\t\t\t\t<p>Osobn\u00e1 konzult\u00e1cia<br \/>pre p\u00e1r v trvan\u00ed 1 h.<\/p><p><strong>50 \u20ac<\/strong><\/p>\t\t\t\t\t\t<\/div>\n\t\t\t\t<\/div>\n\t\t\t\t<\/div>\n\t\t\t\t\t<\/div>\n\t\t\t\t<\/div>\n\t\t<div class=\"elementor-element elementor-element-2eadca5 e-flex e-con-boxed e-con e-parent\" data-id=\"2eadca5\" data-element_type=\"container\">\n\t\t\t\t\t<div class=\"e-con-inner\">\n\t\t\t\t<div class=\"elementor-element elementor-element-fdcfed2 elementor-widget elementor-widget-text-editor\" data-id=\"fdcfed2\" data-element_type=\"widget\" data-widget_type=\"text-editor.default\">\n\t\t\t\t<div class=\"elementor-widget-container\">\n\t\t\t\t\t\t\t<p><em>Pri zru\u0161en\u00ed term\u00ednu menej ako 24h pred stretnut\u00edm \u00fa\u010dtujem cel\u00fa sumu sedenia.<\/em><\/p>\t\t\t\t\t\t<\/div>\n\t\t\t\t<\/div>\n\t\t\t\t<div class=\"elementor-element elementor-element-45e64bd elementor-widget-divider--separator-type-pattern elementor-widget-divider--view-line elementor-widget elementor-widget-divider\" data-id=\"45e64bd\" data-element_type=\"widget\" data-widget_type=\"divider.default\">\n\t\t\t\t<div class=\"elementor-widget-container\">\n\t\t\t\t\t<div class=\"elementor-divider\" style=\"--divider-pattern-url: url(&quot;data:image\/svg+xml,%3Csvg xmlns=&#039;http:\/\/www.w3.org\/2000\/svg&#039; preserveAspectRatio=&#039;none&#039; overflow=&#039;visible&#039; height=&#039;100%&#039; viewBox=&#039;0 0 20 16&#039; fill=&#039;none&#039; stroke=&#039;black&#039; stroke-width=&#039;1&#039; stroke-linecap=&#039;square&#039; stroke-miterlimit=&#039;10&#039;%3E%3Cg transform=&#039;translate(-12.000000, 0)&#039;%3E%3Cpath d=&#039;M28,0L10,18&#039;\/%3E%3Cpath d=&#039;M18,0L0,18&#039;\/%3E%3Cpath d=&#039;M48,0L30,18&#039;\/%3E%3Cpath d=&#039;M38,0L20,18&#039;\/%3E%3C\/g%3E%3C\/svg%3E&quot;);\">\n\t\t\t<span class=\"elementor-divider-separator\">\n\t\t\t\t\t\t<\/span>\n\t\t<\/div>\n\t\t\t\t<\/div>\n\t\t\t\t<\/div>\n\t\t\t\t<div class=\"elementor-element elementor-element-0c176eb elementor-widget elementor-widget-text-editor\" data-id=\"0c176eb\" data-element_type=\"widget\" data-widget_type=\"text-editor.default\">\n\t\t\t\t<div class=\"elementor-widget-container\">\n\t\t\t\t\t\t\t<p>Kontakt<\/p>\t\t\t\t\t\t<\/div>\n\t\t\t\t<\/div>\n\t\t\t\t\t<\/div>\n\t\t\t\t<\/div>\n\t\t<div class=\"elementor-element elementor-element-539d835 e-flex e-con-boxed e-con e-parent\" data-id=\"539d835\" data-element_type=\"container\">\n\t\t\t\t\t<div class=\"e-con-inner\">\n\t\t\t\t<div class=\"elementor-element elementor-element-5f4c94e elementor-widget elementor-widget-text-editor\" data-id=\"5f4c94e\" data-element_type=\"widget\" data-widget_type=\"text-editor.default\">\n\t\t\t\t<div class=\"elementor-widget-container\">\n\t\t\t\t\t\t\t<p>Mgr. Tam\u00e1s Tegdes &#8211; TEG-TAM<\/p><p>E-mail: tamas.tegdes@gmail.com<\/p><p>Tel.: +421 948 429 408<\/p>\t\t\t\t\t\t<\/div>\n\t\t\t\t<\/div>\n\t\t\t\t\t<\/div>\n\t\t\t\t<\/div>\n\t\t<div class=\"elementor-element elementor-element-442e4e4 e-flex e-con-boxed e-con e-parent\" data-id=\"442e4e4\" data-element_type=\"container\">\n\t\t\t\t\t<div class=\"e-con-inner\">\n\t\t\t\t<div class=\"elementor-element elementor-element-7c8c3bb elementor-widget-divider--separator-type-pattern elementor-widget-divider--view-line elementor-widget elementor-widget-divider\" data-id=\"7c8c3bb\" data-element_type=\"widget\" data-widget_type=\"divider.default\">\n\t\t\t\t<div class=\"elementor-widget-container\">\n\t\t\t\t\t<div class=\"elementor-divider\" style=\"--divider-pattern-url: url(&quot;data:image\/svg+xml,%3Csvg xmlns=&#039;http:\/\/www.w3.org\/2000\/svg&#039; preserveAspectRatio=&#039;none&#039; overflow=&#039;visible&#039; height=&#039;100%&#039; viewBox=&#039;0 0 20 16&#039; fill=&#039;none&#039; stroke=&#039;black&#039; stroke-width=&#039;1&#039; stroke-linecap=&#039;square&#039; stroke-miterlimit=&#039;10&#039;%3E%3Cg transform=&#039;translate(-12.000000, 0)&#039;%3E%3Cpath d=&#039;M28,0L10,18&#039;\/%3E%3Cpath d=&#039;M18,0L0,18&#039;\/%3E%3Cpath d=&#039;M48,0L30,18&#039;\/%3E%3Cpath d=&#039;M38,0L20,18&#039;\/%3E%3C\/g%3E%3C\/svg%3E&quot;);\">\n\t\t\t<span class=\"elementor-divider-separator\">\n\t\t\t\t\t\t<\/span>\n\t\t<\/div>\n\t\t\t\t<\/div>\n\t\t\t\t<\/div>\n\t\t\t\t<div class=\"elementor-element elementor-element-d08d71d elementor-widget elementor-widget-text-editor\" data-id=\"d08d71d\" data-element_type=\"widget\" data-widget_type=\"text-editor.default\">\n\t\t\t\t<div class=\"elementor-widget-container\">\n\t\t\t\t\t\t\t<p>Kde ma n\u00e1jdete?<\/p>\t\t\t\t\t\t<\/div>\n\t\t\t\t<\/div>\n\t\t\t\t\t<\/div>\n\t\t\t\t<\/div>\n\t\t<div class=\"elementor-element elementor-element-18b3a53 e-flex e-con-boxed e-con e-parent\" data-id=\"18b3a53\" data-element_type=\"container\">\n\t\t\t\t\t<div class=\"e-con-inner\">\n\t\t<div class=\"elementor-element elementor-element-07979ac e-con-full e-flex e-con e-child\" data-id=\"07979ac\" data-element_type=\"container\">\n\t\t\t\t<div class=\"elementor-element elementor-element-17853bd elementor-widget elementor-widget-text-editor\" data-id=\"17853bd\" data-element_type=\"widget\" data-widget_type=\"text-editor.default\">\n\t\t\t\t<div class=\"elementor-widget-container\">\n\t\t\t\t\t\t\t<p>Kancel\u00e1riu m\u00e1m v <strong>Ro\u017e\u0148ave<\/strong>.<\/p><p>Adresa: N\u00e1mestie ban\u00edkov<\/p><p>Modr\u00e9 dvere medzi Milk-Agrom a bankomatom<\/p><p>1. poschodie v\u013eavo.<\/p>\t\t\t\t\t\t<\/div>\n\t\t\t\t<\/div>\n\t\t\t\t<\/div>\n\t\t\t\t<div class=\"elementor-element elementor-element-2dc65de elementor-widget elementor-widget-image\" data-id=\"2dc65de\" data-element_type=\"widget\" data-widget_type=\"image.default\">\n\t\t\t\t<div class=\"elementor-widget-container\">\n\t\t\t\t\t\t\t\t\t\t\t\t\t<img decoding=\"async\" width=\"760\" height=\"504\" src=\"https:\/\/tegtam.sk\/sk\/wp-content\/uploads\/2024\/10\/kancelaria.jpg\" class=\"attachment-large size-large wp-image-157\" alt=\"\" srcset=\"https:\/\/tegtam.sk\/sk\/wp-content\/uploads\/2024\/10\/kancelaria.jpg 760w, https:\/\/tegtam.sk\/sk\/wp-content\/uploads\/2024\/10\/kancelaria-300x199.jpg 300w\" sizes=\"(max-width: 760px) 100vw, 760px\" \/>\t\t\t\t\t\t\t\t\t\t\t\t\t<\/div>\n\t\t\t\t<\/div>\n\t\t\t\t\t<\/div>\n\t\t\t\t<\/div>\n\t\t\t\t<\/div>\n\t\t","protected":false},"excerpt":{"rendered":"<p>Som Tam\u00e1s Tegdes, klinick\u00fd psychol\u00f3g a psychoterapeut na psychiatrickom oddelen\u00ed a pri mojom zamestnan\u00ed prij\u00edmam aj s\u00fakromn\u00fdch klientov, v r\u00e1mci poradenstva osobn\u00e9ho rozvoja. Tieto konzult\u00e1cie nie s\u00fa zdravotn\u00edckym v\u00fdkonom. Pracujem pomocou princ\u00edpov gestalt psychoterapie, \u010do je na pre\u017e\u00edvanie a pr\u00edtomnos\u0165 zameran\u00fd sp\u00f4sob preh\u013abenia kontaktu so sebou a roz\u0161\u00edrenie uvedomenia. Vyu\u017e\u00edvam aj EMDR terapiu, \u010do je [&hellip;]<\/p>\n","protected":false},"author":1,"featured_media":0,"parent":0,"menu_order":0,"comment_status":"closed","ping_status":"closed","template":"","meta":{"footnotes":""},"class_list":["post-186","page","type-page","status-publish","hentry"],"yoast_head":"<!-- This site is optimized with the Yoast SEO plugin v23.5 - https:\/\/yoast.com\/wordpress\/plugins\/seo\/ -->\n<title>Vitajte! - Mgr. Tam\u00e1s Tegdes - TEG-TAM<\/title>\n<meta name=\"robots\" content=\"index, follow, max-snippet:-1, max-image-preview:large, max-video-preview:-1\" \/>\n<link rel=\"canonical\" href=\"https:\/\/tegtam.sk\/sk\/\" \/>\n<meta property=\"og:locale\" content=\"sk_SK\" \/>\n<meta property=\"og:type\" content=\"article\" \/>\n<meta property=\"og:title\" content=\"Vitajte! - Mgr. Tam\u00e1s Tegdes - TEG-TAM\" \/>\n<meta property=\"og:description\" content=\"Som Tam\u00e1s Tegdes, klinick\u00fd psychol\u00f3g a psychoterapeut na psychiatrickom oddelen\u00ed a pri mojom zamestnan\u00ed prij\u00edmam aj s\u00fakromn\u00fdch klientov, v r\u00e1mci poradenstva osobn\u00e9ho rozvoja. Tieto konzult\u00e1cie nie s\u00fa zdravotn\u00edckym v\u00fdkonom. Pracujem pomocou princ\u00edpov gestalt psychoterapie, \u010do je na pre\u017e\u00edvanie a pr\u00edtomnos\u0165 zameran\u00fd sp\u00f4sob preh\u013abenia kontaktu so sebou a roz\u0161\u00edrenie uvedomenia. Vyu\u017e\u00edvam aj EMDR terapiu, \u010do je [&hellip;]\" \/>\n<meta property=\"og:url\" content=\"https:\/\/tegtam.sk\/sk\/\" \/>\n<meta property=\"og:site_name\" content=\"Mgr. Tam\u00e1s Tegdes - TEG-TAM\" \/>\n<meta property=\"article:modified_time\" content=\"2024-10-08T08:24:15+00:00\" \/>\n<meta property=\"og:image\" content=\"https:\/\/tegtam.sk\/sk\/wp-content\/uploads\/2024\/10\/tegtam-gyengebb-minoseg-2-662x1024.jpg\" \/>\n<meta name=\"twitter:card\" content=\"summary_large_image\" \/>\n<meta name=\"twitter:label1\" content=\"Predpokladan\u00fd \u010das \u010d\u00edtania\" \/>\n\t<meta name=\"twitter:data1\" content=\"2 min\u00faty\" \/>\n<script type=\"application\/ld+json\" class=\"yoast-schema-graph\">{\"@context\":\"https:\/\/schema.org\",\"@graph\":[{\"@type\":\"WebPage\",\"@id\":\"https:\/\/tegtam.sk\/sk\/\",\"url\":\"https:\/\/tegtam.sk\/sk\/\",\"name\":\"Vitajte! - Mgr. Tam\u00e1s Tegdes - TEG-TAM\",\"isPartOf\":{\"@id\":\"https:\/\/tegtam.sk\/sk\/#website\"},\"primaryImageOfPage\":{\"@id\":\"https:\/\/tegtam.sk\/sk\/#primaryimage\"},\"image\":{\"@id\":\"https:\/\/tegtam.sk\/sk\/#primaryimage\"},\"thumbnailUrl\":\"https:\/\/tegtam.sk\/sk\/wp-content\/uploads\/2024\/10\/tegtam-gyengebb-minoseg-2-662x1024.jpg\",\"datePublished\":\"2024-10-07T16:10:08+00:00\",\"dateModified\":\"2024-10-08T08:24:15+00:00\",\"breadcrumb\":{\"@id\":\"https:\/\/tegtam.sk\/sk\/#breadcrumb\"},\"inLanguage\":\"sk-SK\",\"potentialAction\":[{\"@type\":\"ReadAction\",\"target\":[\"https:\/\/tegtam.sk\/sk\/\"]}]},{\"@type\":\"ImageObject\",\"inLanguage\":\"sk-SK\",\"@id\":\"https:\/\/tegtam.sk\/sk\/#primaryimage\",\"url\":\"https:\/\/tegtam.sk\/sk\/wp-content\/uploads\/2024\/10\/tegtam-gyengebb-minoseg-2-scaled.jpg\",\"contentUrl\":\"https:\/\/tegtam.sk\/sk\/wp-content\/uploads\/2024\/10\/tegtam-gyengebb-minoseg-2-scaled.jpg\",\"width\":1655,\"height\":2560},{\"@type\":\"BreadcrumbList\",\"@id\":\"https:\/\/tegtam.sk\/sk\/#breadcrumb\",\"itemListElement\":[{\"@type\":\"ListItem\",\"position\":1,\"name\":\"Domovsk\u00e1 str\u00e1nka\",\"item\":\"https:\/\/tegtam.sk\/sk\/\"},{\"@type\":\"ListItem\",\"position\":2,\"name\":\"Vitajte!\"}]},{\"@type\":\"WebSite\",\"@id\":\"https:\/\/tegtam.sk\/sk\/#website\",\"url\":\"https:\/\/tegtam.sk\/sk\/\",\"name\":\"Mgr. Tam\u00e1s Tegdes - TEG-TAM\",\"description\":\"\",\"publisher\":{\"@id\":\"https:\/\/tegtam.sk\/sk\/#organization\"},\"potentialAction\":[{\"@type\":\"SearchAction\",\"target\":{\"@type\":\"EntryPoint\",\"urlTemplate\":\"https:\/\/tegtam.sk\/sk\/?s={search_term_string}\"},\"query-input\":{\"@type\":\"PropertyValueSpecification\",\"valueRequired\":true,\"valueName\":\"search_term_string\"}}],\"inLanguage\":\"sk-SK\"},{\"@type\":\"Organization\",\"@id\":\"https:\/\/tegtam.sk\/sk\/#organization\",\"name\":\"Mgr. Tam\u00e1s Tegdes - TEG-TAM\",\"url\":\"https:\/\/tegtam.sk\/sk\/\",\"logo\":{\"@type\":\"ImageObject\",\"inLanguage\":\"sk-SK\",\"@id\":\"https:\/\/tegtam.sk\/sk\/#\/schema\/logo\/image\/\",\"url\":\"https:\/\/tegtam.sk\/sk\/wp-content\/uploads\/2024\/09\/cropped-cropped-TegTom_logo2022_szines.png\",\"contentUrl\":\"https:\/\/tegtam.sk\/sk\/wp-content\/uploads\/2024\/09\/cropped-cropped-TegTom_logo2022_szines.png\",\"width\":512,\"height\":512,\"caption\":\"Mgr. Tam\u00e1s Tegdes - TEG-TAM\"},\"image\":{\"@id\":\"https:\/\/tegtam.sk\/sk\/#\/schema\/logo\/image\/\"}}]}<\/script>\n<!-- \/ Yoast SEO plugin. -->","yoast_head_json":{"title":"Vitajte! - Mgr. Tam\u00e1s Tegdes - TEG-TAM","robots":{"index":"index","follow":"follow","max-snippet":"max-snippet:-1","max-image-preview":"max-image-preview:large","max-video-preview":"max-video-preview:-1"},"canonical":"https:\/\/tegtam.sk\/sk\/","og_locale":"sk_SK","og_type":"article","og_title":"Vitajte! - Mgr. Tam\u00e1s Tegdes - TEG-TAM","og_description":"Som Tam\u00e1s Tegdes, klinick\u00fd psychol\u00f3g a psychoterapeut na psychiatrickom oddelen\u00ed a pri mojom zamestnan\u00ed prij\u00edmam aj s\u00fakromn\u00fdch klientov, v r\u00e1mci poradenstva osobn\u00e9ho rozvoja. Tieto konzult\u00e1cie nie s\u00fa zdravotn\u00edckym v\u00fdkonom. Pracujem pomocou princ\u00edpov gestalt psychoterapie, \u010do je na pre\u017e\u00edvanie a pr\u00edtomnos\u0165 zameran\u00fd sp\u00f4sob preh\u013abenia kontaktu so sebou a roz\u0161\u00edrenie uvedomenia. Vyu\u017e\u00edvam aj EMDR terapiu, \u010do je [&hellip;]","og_url":"https:\/\/tegtam.sk\/sk\/","og_site_name":"Mgr. Tam\u00e1s Tegdes - TEG-TAM","article_modified_time":"2024-10-08T08:24:15+00:00","og_image":[{"url":"https:\/\/tegtam.sk\/sk\/wp-content\/uploads\/2024\/10\/tegtam-gyengebb-minoseg-2-662x1024.jpg"}],"twitter_card":"summary_large_image","twitter_misc":{"Predpokladan\u00fd \u010das \u010d\u00edtania":"2 min\u00faty"},"schema":{"@context":"https:\/\/schema.org","@graph":[{"@type":"WebPage","@id":"https:\/\/tegtam.sk\/sk\/","url":"https:\/\/tegtam.sk\/sk\/","name":"Vitajte! - Mgr. Tam\u00e1s Tegdes - TEG-TAM","isPartOf":{"@id":"https:\/\/tegtam.sk\/sk\/#website"},"primaryImageOfPage":{"@id":"https:\/\/tegtam.sk\/sk\/#primaryimage"},"image":{"@id":"https:\/\/tegtam.sk\/sk\/#primaryimage"},"thumbnailUrl":"https:\/\/tegtam.sk\/sk\/wp-content\/uploads\/2024\/10\/tegtam-gyengebb-minoseg-2-662x1024.jpg","datePublished":"2024-10-07T16:10:08+00:00","dateModified":"2024-10-08T08:24:15+00:00","breadcrumb":{"@id":"https:\/\/tegtam.sk\/sk\/#breadcrumb"},"inLanguage":"sk-SK","potentialAction":[{"@type":"ReadAction","target":["https:\/\/tegtam.sk\/sk\/"]}]},{"@type":"ImageObject","inLanguage":"sk-SK","@id":"https:\/\/tegtam.sk\/sk\/#primaryimage","url":"https:\/\/tegtam.sk\/sk\/wp-content\/uploads\/2024\/10\/tegtam-gyengebb-minoseg-2-scaled.jpg","contentUrl":"https:\/\/tegtam.sk\/sk\/wp-content\/uploads\/2024\/10\/tegtam-gyengebb-minoseg-2-scaled.jpg","width":1655,"height":2560},{"@type":"BreadcrumbList","@id":"https:\/\/tegtam.sk\/sk\/#breadcrumb","itemListElement":[{"@type":"ListItem","position":1,"name":"Domovsk\u00e1 str\u00e1nka","item":"https:\/\/tegtam.sk\/sk\/"},{"@type":"ListItem","position":2,"name":"Vitajte!"}]},{"@type":"WebSite","@id":"https:\/\/tegtam.sk\/sk\/#website","url":"https:\/\/tegtam.sk\/sk\/","name":"Mgr. Tam\u00e1s Tegdes - TEG-TAM","description":"","publisher":{"@id":"https:\/\/tegtam.sk\/sk\/#organization"},"potentialAction":[{"@type":"SearchAction","target":{"@type":"EntryPoint","urlTemplate":"https:\/\/tegtam.sk\/sk\/?s={search_term_string}"},"query-input":{"@type":"PropertyValueSpecification","valueRequired":true,"valueName":"search_term_string"}}],"inLanguage":"sk-SK"},{"@type":"Organization","@id":"https:\/\/tegtam.sk\/sk\/#organization","name":"Mgr. Tam\u00e1s Tegdes - TEG-TAM","url":"https:\/\/tegtam.sk\/sk\/","logo":{"@type":"ImageObject","inLanguage":"sk-SK","@id":"https:\/\/tegtam.sk\/sk\/#\/schema\/logo\/image\/","url":"https:\/\/tegtam.sk\/sk\/wp-content\/uploads\/2024\/09\/cropped-cropped-TegTom_logo2022_szines.png","contentUrl":"https:\/\/tegtam.sk\/sk\/wp-content\/uploads\/2024\/09\/cropped-cropped-TegTom_logo2022_szines.png","width":512,"height":512,"caption":"Mgr. Tam\u00e1s Tegdes - TEG-TAM"},"image":{"@id":"https:\/\/tegtam.sk\/sk\/#\/schema\/logo\/image\/"}}]}},"_links":{"self":[{"href":"https:\/\/tegtam.sk\/sk\/wp-json\/wp\/v2\/pages\/186","targetHints":{"allow":["GET"]}}],"collection":[{"href":"https:\/\/tegtam.sk\/sk\/wp-json\/wp\/v2\/pages"}],"about":[{"href":"https:\/\/tegtam.sk\/sk\/wp-json\/wp\/v2\/types\/page"}],"author":[{"embeddable":true,"href":"https:\/\/tegtam.sk\/sk\/wp-json\/wp\/v2\/users\/1"}],"replies":[{"embeddable":true,"href":"https:\/\/tegtam.sk\/sk\/wp-json\/wp\/v2\/comments?post=186"}],"version-history":[{"count":14,"href":"https:\/\/tegtam.sk\/sk\/wp-json\/wp\/v2\/pages\/186\/revisions"}],"predecessor-version":[{"id":219,"href":"https:\/\/tegtam.sk\/sk\/wp-json\/wp\/v2\/pages\/186\/revisions\/219"}],"wp:attachment":[{"href":"https:\/\/tegtam.sk\/sk\/wp-json\/wp\/v2\/media?parent=186"}],"curies":[{"name":"wp","href":"https:\/\/api.w.org\/{rel}","templated":true}]}}