{"id":2,"date":"2022-12-27T20:30:07","date_gmt":"2022-12-27T19:30:07","guid":{"rendered":"https:\/\/tegtam.sk\/sk\/?page_id=2"},"modified":"2024-10-08T12:48:39","modified_gmt":"2024-10-08T10:48:39","slug":"o-mne","status":"publish","type":"page","link":"https:\/\/tegtam.sk\/sk\/o-mne\/","title":{"rendered":"O mne"},"content":{"rendered":"\t\t<div data-elementor-type=\"wp-page\" data-elementor-id=\"2\" class=\"elementor elementor-2\">\n\t\t\t\t<div class=\"elementor-element elementor-element-a1afaaa e-grid e-con-full e-con e-parent\" data-id=\"a1afaaa\" data-element_type=\"container\">\n\t\t\t\t<div class=\"elementor-element elementor-element-c5dd445 elementor-widget elementor-widget-text-editor\" data-id=\"c5dd445\" data-element_type=\"widget\" data-widget_type=\"text-editor.default\">\n\t\t\t\t<div class=\"elementor-widget-container\">\n\t\t\t\t\t\t\t<p>Po skon\u010den\u00ed univerzity som sa zamestnal<strong> na psychiatrickom oddelen\u00ed <\/strong>v Ro\u017e\u0148ave, kde pracujem doteraz. Po\u010das \u010fal\u0161ieho vzdel\u00e1vania som bol fascinovan\u00fd mo\u017enos\u0165ami hypn\u00f3zy, ktorej techniky som \u0161tudoval na r\u00f4znych miestach. Ako pracova\u0165 so zmenen\u00fdmi stavmi vedomia, imagin\u00e1ciami a \u010darovn\u00fd svet Eriksonovsk\u00fdch metafor bol pre m\u0148a d\u00f4le\u017eit\u00fdm za\u010diatkom na ceste spozn\u00e1vania sily \u013eudskej psychiky.<\/p>\t\t\t\t\t\t<\/div>\n\t\t\t\t<\/div>\n\t\t\t\t<div class=\"elementor-element elementor-element-fe2683f elementor-widget elementor-widget-image\" data-id=\"fe2683f\" data-element_type=\"widget\" data-widget_type=\"image.default\">\n\t\t\t\t<div class=\"elementor-widget-container\">\n\t\t\t\t\t\t\t\t\t\t\t\t\t<img fetchpriority=\"high\" decoding=\"async\" width=\"1016\" height=\"1024\" src=\"https:\/\/tegtam.sk\/sk\/wp-content\/uploads\/2024\/10\/tegtam-gyengebb-minoseg-1-1016x1024.jpg\" class=\"attachment-large size-large wp-image-149\" alt=\"\" srcset=\"https:\/\/tegtam.sk\/sk\/wp-content\/uploads\/2024\/10\/tegtam-gyengebb-minoseg-1-1016x1024.jpg 1016w, https:\/\/tegtam.sk\/sk\/wp-content\/uploads\/2024\/10\/tegtam-gyengebb-minoseg-1-298x300.jpg 298w, https:\/\/tegtam.sk\/sk\/wp-content\/uploads\/2024\/10\/tegtam-gyengebb-minoseg-1-150x150.jpg 150w, https:\/\/tegtam.sk\/sk\/wp-content\/uploads\/2024\/10\/tegtam-gyengebb-minoseg-1-768x774.jpg 768w, https:\/\/tegtam.sk\/sk\/wp-content\/uploads\/2024\/10\/tegtam-gyengebb-minoseg-1-1525x1536.jpg 1525w, https:\/\/tegtam.sk\/sk\/wp-content\/uploads\/2024\/10\/tegtam-gyengebb-minoseg-1-2033x2048.jpg 2033w\" sizes=\"(max-width: 1016px) 100vw, 1016px\" \/>\t\t\t\t\t\t\t\t\t\t\t\t\t<\/div>\n\t\t\t\t<\/div>\n\t\t\t\t<\/div>\n\t\t<div class=\"elementor-element elementor-element-1a17968 e-flex e-con-boxed e-con e-parent\" data-id=\"1a17968\" data-element_type=\"container\">\n\t\t\t\t\t<div class=\"e-con-inner\">\n\t\t\t\t<div class=\"elementor-element elementor-element-db482fa elementor-widget elementor-widget-text-editor\" data-id=\"db482fa\" data-element_type=\"widget\" data-widget_type=\"text-editor.default\">\n\t\t\t\t<div class=\"elementor-widget-container\">\n\t\t\t\t\t\t\t<p>N\u00e1sledne ma oslovila <strong>Gestalt psychoterapia<\/strong>, kde sa pomocou roz\u0161\u00edrenia uvedomenia pracuje s\u00a0pocitmi <strong>\u201etu a\u00a0teraz<\/strong>\u201c, klient a terapeut s\u00fa rovnocenn\u00fdmi partnermi v procese, terapeut je ako horsk\u00fd sprievodca a klient akt\u00edvne spolupracuje a preber\u00e1 zodpovednos\u0165 za zmenu. Gestalt mi dal stabiln\u00fd z\u00e1klad, akoby orn\u00fa p\u00f4du, do ktor\u00e9ho m\u00f4\u017eem zasadi\u0165 nov\u00e9 vedomosti a techniky, pomohol rozvin\u00fa\u0165 m\u00f4j vlastn\u00fd rozvoj a nastavi\u0165 a scitlivie\u0165 moju terapeutick\u00fa vn\u00edmavos\u0165. Obzory pr\u00e1ce s telom a pre\u017e\u00edvan\u00edm mi roz\u0161\u00edrila <strong>psychotraumatol\u00f3gia<\/strong>, kde cez <strong>EMDR<\/strong> som mal mo\u017enos\u0165 spozn\u00e1va\u0165 kr\u00e1su a s\u00favislosti na\u0161ej nervovej s\u00fastavy, ako sa vysporiad\u00e1va so z\u00e1\u0165a\u017eou, ak\u00e9 dynamiky ur\u010duj\u00fa jej zabrzdenia a ak\u00e9 s\u00fa mo\u017enosti jej pom\u00f4c\u0165 k hojeniu a uzdraveniu, tam kde u\u017e slov\u00e1 nesta\u010dia. Posledn\u00e9 roky sa zauj\u00edmam aj <strong>o\u00a0pr\u00e1cu s\u00a0p\u00e1rmi<\/strong>, ktor\u00e9 prech\u00e1dzaj\u00fa kr\u00edzou a\u00a0maj\u00fa z\u00e1ujem o\u00a0skvalitnenie vz\u0165ahovosti. M\u00f4j pr\u00edstup vych\u00e1dza okrem in\u00e9ho z\u00a0<strong>terapie zameranej na em\u00f3cie pre p\u00e1ry EFT-C<\/strong>, kde d\u00f4raz kladieme na spozn\u00e1vanie a prejavenie prim\u00e1rnych em\u00f3ci\u00ed.<\/p>\t\t\t\t\t\t<\/div>\n\t\t\t\t<\/div>\n\t\t\t\t\t<\/div>\n\t\t\t\t<\/div>\n\t\t<div class=\"elementor-element elementor-element-830cbbe e-flex e-con-boxed e-con e-parent\" data-id=\"830cbbe\" data-element_type=\"container\">\n\t\t\t\t\t<div class=\"e-con-inner\">\n\t\t\t\t<div class=\"elementor-element elementor-element-c0727c1 elementor-widget elementor-widget-text-editor\" data-id=\"c0727c1\" data-element_type=\"widget\" data-widget_type=\"text-editor.default\">\n\t\t\t\t<div class=\"elementor-widget-container\">\n\t\t\t\t\t\t\t<p>Ako vplyv na moju terapeutick\u00fa pr\u00e1cu ma vz\u00e1cnymi sk\u00fasenos\u0165ami obohacuje dobrovo\u013en\u00edctvo v B\u00e1tor T\u00e1bore, kde sa s po\u010detn\u00fdm t\u00edmom \u201ecimborov\u201c star\u00e1me o terapeutick\u00fa rekre\u00e1ciu onkologicky chor\u00fdch det\u00ed r\u00f4znych n\u00e1rodnost\u00ed. Po svojom v\u00e1\u017enom \u00faraze v minulosti som tie\u017e za\u017eil, ako sa telo m\u00f4\u017ee sta\u0165 zv\u00e4zuj\u00facou klietkou, nau\u010di\u0165 sa znova chodi\u0165 bolo pre m\u0148a d\u00f4le\u017eit\u00fdm m\u00ed\u013enikom k citlivosti a empatii k ostatn\u00fdm.<\/p>\t\t\t\t\t\t<\/div>\n\t\t\t\t<\/div>\n\t\t\t\t\t<\/div>\n\t\t\t\t<\/div>\n\t\t<div class=\"elementor-element elementor-element-daab5d6 e-flex e-con-boxed e-con e-parent\" data-id=\"daab5d6\" data-element_type=\"container\">\n\t\t\t\t\t<div class=\"e-con-inner\">\n\t\t<div class=\"elementor-element elementor-element-092a9c5 e-con-full e-flex e-con e-child\" data-id=\"092a9c5\" data-element_type=\"container\">\n\t\t\t\t<div class=\"elementor-element elementor-element-eea6722 elementor-widget elementor-widget-image\" data-id=\"eea6722\" data-element_type=\"widget\" data-widget_type=\"image.default\">\n\t\t\t\t<div class=\"elementor-widget-container\">\n\t\t\t\t\t\t\t\t\t\t\t\t\t<img decoding=\"async\" width=\"792\" height=\"1024\" src=\"https:\/\/tegtam.sk\/sk\/wp-content\/uploads\/2024\/10\/jelene-792x1024.jpg\" class=\"attachment-large size-large wp-image-212\" alt=\"\" srcset=\"https:\/\/tegtam.sk\/sk\/wp-content\/uploads\/2024\/10\/jelene-792x1024.jpg 792w, https:\/\/tegtam.sk\/sk\/wp-content\/uploads\/2024\/10\/jelene-232x300.jpg 232w, https:\/\/tegtam.sk\/sk\/wp-content\/uploads\/2024\/10\/jelene-768x993.jpg 768w, https:\/\/tegtam.sk\/sk\/wp-content\/uploads\/2024\/10\/jelene.jpg 1056w\" sizes=\"(max-width: 792px) 100vw, 792px\" \/>\t\t\t\t\t\t\t\t\t\t\t\t\t<\/div>\n\t\t\t\t<\/div>\n\t\t\t\t<\/div>\n\t\t<div class=\"elementor-element elementor-element-68a4e77 e-con-full e-flex e-con e-child\" data-id=\"68a4e77\" data-element_type=\"container\">\n\t\t\t\t<div class=\"elementor-element elementor-element-eb240a9 elementor-widget elementor-widget-text-editor\" data-id=\"eb240a9\" data-element_type=\"widget\" data-widget_type=\"text-editor.default\">\n\t\t\t\t<div class=\"elementor-widget-container\">\n\t\t\t\t\t\t\t<p>Mo\u017enos\u0165 sprev\u00e1dza\u0165 \u013eud\u00ed pri spozn\u00e1van\u00ed seba a svojej jedine\u010dnosti, ako l\u00e1skyplne prij\u00edma\u0165 aj svoju zranite\u013enos\u0165 a\u00a0r\u00e1s\u0165 z\u00a0kr\u00edz, pre\u017e\u00edvam ako \u010des\u0165 a\u00a0in\u0161pir\u00e1ciu. Neopakovate\u013enos\u0165 t\u00fdchto stretnut\u00ed a\u00a0r\u00f4znorod\u00e9 vrstvy \u013eudsk\u00e9ho kontaktu, tento tanec medzi riadkami vyva\u017eujem vo vo\u013enom \u010dase pr\u00edrodou, <strong>foten\u00edm zvierat<\/strong> a\u00a0\u0161liapan\u00edm do ped\u00e1lov bicykla.<\/p>\t\t\t\t\t\t<\/div>\n\t\t\t\t<\/div>\n\t\t\t\t<\/div>\n\t\t\t\t\t<\/div>\n\t\t\t\t<\/div>\n\t\t<div class=\"elementor-element elementor-element-8871443 e-flex e-con-boxed e-con e-parent\" data-id=\"8871443\" data-element_type=\"container\">\n\t\t\t\t\t<div class=\"e-con-inner\">\n\t\t\t\t<div class=\"elementor-element elementor-element-12bb369 elementor-widget-divider--separator-type-pattern elementor-widget-divider--view-line elementor-widget elementor-widget-divider\" data-id=\"12bb369\" data-element_type=\"widget\" data-widget_type=\"divider.default\">\n\t\t\t\t<div class=\"elementor-widget-container\">\n\t\t\t\t\t<div class=\"elementor-divider\" style=\"--divider-pattern-url: url(&quot;data:image\/svg+xml,%3Csvg xmlns=&#039;http:\/\/www.w3.org\/2000\/svg&#039; preserveAspectRatio=&#039;none&#039; overflow=&#039;visible&#039; height=&#039;100%&#039; viewBox=&#039;0 0 20 16&#039; fill=&#039;none&#039; stroke=&#039;black&#039; stroke-width=&#039;1&#039; stroke-linecap=&#039;square&#039; stroke-miterlimit=&#039;10&#039;%3E%3Cg transform=&#039;translate(-12.000000, 0)&#039;%3E%3Cpath d=&#039;M28,0L10,18&#039;\/%3E%3Cpath d=&#039;M18,0L0,18&#039;\/%3E%3Cpath d=&#039;M48,0L30,18&#039;\/%3E%3Cpath d=&#039;M38,0L20,18&#039;\/%3E%3C\/g%3E%3C\/svg%3E&quot;);\">\n\t\t\t<span class=\"elementor-divider-separator\">\n\t\t\t\t\t\t<\/span>\n\t\t<\/div>\n\t\t\t\t<\/div>\n\t\t\t\t<\/div>\n\t\t\t\t<div class=\"elementor-element elementor-element-ce3b049 elementor-widget elementor-widget-text-editor\" data-id=\"ce3b049\" data-element_type=\"widget\" data-widget_type=\"text-editor.default\">\n\t\t\t\t<div class=\"elementor-widget-container\">\n\t\t\t\t\t\t\t<p>Vzdelanie<\/p>\t\t\t\t\t\t<\/div>\n\t\t\t\t<\/div>\n\t\t\t\t\t<\/div>\n\t\t\t\t<\/div>\n\t\t<div class=\"elementor-element elementor-element-4521f06 e-flex e-con-boxed e-con e-parent\" data-id=\"4521f06\" data-element_type=\"container\">\n\t\t\t\t\t<div class=\"e-con-inner\">\n\t\t\t\t<div class=\"elementor-element elementor-element-05272af elementor-widget elementor-widget-text-editor\" data-id=\"05272af\" data-element_type=\"widget\" data-widget_type=\"text-editor.default\">\n\t\t\t\t<div class=\"elementor-widget-container\">\n\t\t\t\t\t\t\t<p>2024 V\u00fdcvik v\u00a0p\u00e1rovej terapii zameranej na em\u00f3cie EFT-C &#8211; Prof. Mgr. J\u00falia Halamov\u00e1, PhD.<\/p><p>5\/2024 \u00davod do p\u00e1rovej terapie \u2013 Mgr.Rataj a\u00a0Honza Vojtko INPAT<\/p><p>4\/2024 Nevera: od zrady k\u00a0uzdraven\u00ed &#8211; Mgr. Rataj INPAT<\/p><p>6\/2023 Pr\u00e1ca s\u00a0p\u00e1rmi v\u00a0partnerskej kr\u00edze \u2013 Mgr. Rataj INPAT<\/p><p>5\/2023 Pr\u00e1ca s telom pri pr\u00e1ci s p\u00e1rom \u2013 Mgr. Rataj a Mgr. Ka\u0161ov\u00e1 &#8211; INPAT<\/p><p>5\/2023 Superv\u00edzny\u00a0 workshop s Jayom Levinom \u2013 DIALOG<\/p><p>11\/2022 Certifikovan\u00e1 pracovn\u00e1 \u010dinnos\u0165 Psychoterapia \u2013 SIVP<\/p><p>3-4\/2022 Terapia pacientov s\u00a0komplexn\u00fdmi disociat\u00edvnymi poruchami: N\u00e1ro\u010dn\u00e9 situ\u00e1cie a\u00a0pr\u00edle\u017eitosti \u2013 Suzette Boon<\/p><p>6\/2022 EMDR Gear box \u2013 Ako prisp\u00f4sobi\u0165 EMDR pre \u013eud\u00ed s\u00a0komplexnou traumou \u2013 SIPE<\/p><p>2021\/2022 V\u00fdcvik v\u00a0psychotraumatol\u00f3gii a\u00a0EMDR \u2013 SIPE<\/p><p>5-9\/2022 EMDR s\u00a0de\u0165mi a\u00a0adolescentami \u2013 Joanne Morris-Smith<\/p><p>3\/2021 Porozumenie traume a\u00a0disoci\u00e1cii cez neurobiol\u00f3giu a\u00a0vz\u0165ahov\u00fa v\u00e4zbu \u2013 Mgr Vojtov\u00e1<\/p><p>4-5\/2021 Diagnostika a\u00a0terapia disociat\u00edvnych por\u00fach \u2013 Suzette Boon<\/p><p>2016-2021 Dlhodob\u00fd v\u00fdcvik v Gestalt psychoterapii &#8211; DIALOG<\/p><p>2020 V\u00fdcvikov\u00fd kurz v\u00a0biofeedbacku ako etrapeutickej met\u00f3de \u2013 ABC Slovensk\u00fd in\u0161tit\u00fat pre v\u00fdcvik KBT<\/p><p>10\/2019 Pr\u00e1ca s\u00a0telom v\u00a0Gestalt psychoterapii \u2013 Dr.Talia Levine Bar-Yoseph<\/p><p>2019\/2020 Kurz ROR \u2013 M\u00e9reiho \u0161kola, II Interpret\u00e1cie \u2013 Prof.Em.Dr. Szak\u00e1cs<\/p><p>6\/2019 \u0160pecializ\u00e1cia v\u00a0odbore Klinick\u00e1 psychol\u00f3gia\u00a0 &#8211; SZU<\/p><p>12\/2015 Hypnoterapeut NGH<\/p><p>9-11\/2015 Komplexn\u00fd kurz hypn\u00f3zy a\u00a0jej vyu\u017eitia \u2013 Dr.Marton<\/p><p>4\/2015 Hypn\u00f3za v\u00a0psychosomatike a\u00a0zvl\u00e1danie bolesti \u2013 PhDr.Z\u00edka<\/p><p>8\/2015 Konverza\u010dn\u00e1 hypn\u00f3za &#8211; PhDr.Z\u00edka<\/p><p>3-6\/2015 \u0160kola hypn\u00f3zy v\u00a0Martine &#8211; PhDr.Z\u00edka<\/p><p>9\/2015 Pr\u00edprava na v\u00fdkon pr\u00e1ce v\u00a0zdravotn\u00edctve<\/p><p>5\/2014 Ukon\u010denie magistersk\u00e9ho \u0161t\u00fadia psychol\u00f3gie \u2013 UCM v\u00a0Trnave<\/p><p>\u00a0<\/p><p>\u00a0<\/p>\t\t\t\t\t\t<\/div>\n\t\t\t\t<\/div>\n\t\t\t\t<div class=\"elementor-element elementor-element-e092de5 elementor-widget-divider--separator-type-pattern elementor-widget-divider--view-line elementor-widget elementor-widget-divider\" data-id=\"e092de5\" data-element_type=\"widget\" data-widget_type=\"divider.default\">\n\t\t\t\t<div class=\"elementor-widget-container\">\n\t\t\t\t\t<div class=\"elementor-divider\" style=\"--divider-pattern-url: url(&quot;data:image\/svg+xml,%3Csvg xmlns=&#039;http:\/\/www.w3.org\/2000\/svg&#039; preserveAspectRatio=&#039;none&#039; overflow=&#039;visible&#039; height=&#039;100%&#039; viewBox=&#039;0 0 20 16&#039; fill=&#039;none&#039; stroke=&#039;black&#039; stroke-width=&#039;1&#039; stroke-linecap=&#039;square&#039; stroke-miterlimit=&#039;10&#039;%3E%3Cg transform=&#039;translate(-12.000000, 0)&#039;%3E%3Cpath d=&#039;M28,0L10,18&#039;\/%3E%3Cpath d=&#039;M18,0L0,18&#039;\/%3E%3Cpath d=&#039;M48,0L30,18&#039;\/%3E%3Cpath d=&#039;M38,0L20,18&#039;\/%3E%3C\/g%3E%3C\/svg%3E&quot;);\">\n\t\t\t<span class=\"elementor-divider-separator\">\n\t\t\t\t\t\t<\/span>\n\t\t<\/div>\n\t\t\t\t<\/div>\n\t\t\t\t<\/div>\n\t\t\t\t\t<\/div>\n\t\t\t\t<\/div>\n\t\t\t\t<\/div>\n\t\t","protected":false},"excerpt":{"rendered":"<p>Po skon\u010den\u00ed univerzity som sa zamestnal na psychiatrickom oddelen\u00ed v Ro\u017e\u0148ave, kde pracujem doteraz. Po\u010das \u010fal\u0161ieho vzdel\u00e1vania som bol fascinovan\u00fd mo\u017enos\u0165ami hypn\u00f3zy, ktorej techniky som \u0161tudoval na r\u00f4znych miestach. Ako pracova\u0165 so zmenen\u00fdmi stavmi vedomia, imagin\u00e1ciami a \u010darovn\u00fd svet Eriksonovsk\u00fdch metafor bol pre m\u0148a d\u00f4le\u017eit\u00fdm za\u010diatkom na ceste spozn\u00e1vania sily \u013eudskej psychiky. N\u00e1sledne ma oslovila [&hellip;]<\/p>\n","protected":false},"author":1,"featured_media":0,"parent":0,"menu_order":0,"comment_status":"closed","ping_status":"open","template":"","meta":{"footnotes":""},"class_list":["post-2","page","type-page","status-publish","hentry"],"yoast_head":"<!-- This site is optimized with the Yoast SEO plugin v23.5 - https:\/\/yoast.com\/wordpress\/plugins\/seo\/ -->\n<title>O mne - Mgr. Tam\u00e1s Tegdes - TEG-TAM<\/title>\n<meta name=\"robots\" content=\"index, follow, max-snippet:-1, max-image-preview:large, max-video-preview:-1\" \/>\n<link rel=\"canonical\" href=\"https:\/\/tegtam.sk\/sk\/o-mne\/\" \/>\n<meta property=\"og:locale\" content=\"sk_SK\" \/>\n<meta property=\"og:type\" content=\"article\" \/>\n<meta property=\"og:title\" content=\"O mne - Mgr. Tam\u00e1s Tegdes - TEG-TAM\" \/>\n<meta property=\"og:description\" content=\"Po skon\u010den\u00ed univerzity som sa zamestnal na psychiatrickom oddelen\u00ed v Ro\u017e\u0148ave, kde pracujem doteraz. Po\u010das \u010fal\u0161ieho vzdel\u00e1vania som bol fascinovan\u00fd mo\u017enos\u0165ami hypn\u00f3zy, ktorej techniky som \u0161tudoval na r\u00f4znych miestach. Ako pracova\u0165 so zmenen\u00fdmi stavmi vedomia, imagin\u00e1ciami a \u010darovn\u00fd svet Eriksonovsk\u00fdch metafor bol pre m\u0148a d\u00f4le\u017eit\u00fdm za\u010diatkom na ceste spozn\u00e1vania sily \u013eudskej psychiky. N\u00e1sledne ma oslovila [&hellip;]\" \/>\n<meta property=\"og:url\" content=\"https:\/\/tegtam.sk\/sk\/o-mne\/\" \/>\n<meta property=\"og:site_name\" content=\"Mgr. Tam\u00e1s Tegdes - TEG-TAM\" \/>\n<meta property=\"article:modified_time\" content=\"2024-10-08T10:48:39+00:00\" \/>\n<meta property=\"og:image\" content=\"https:\/\/tegtam.sk\/sk\/wp-content\/uploads\/2024\/10\/tegtam-gyengebb-minoseg-1-1016x1024.jpg\" \/>\n<meta name=\"twitter:card\" content=\"summary_large_image\" \/>\n<meta name=\"twitter:label1\" content=\"Predpokladan\u00fd \u010das \u010d\u00edtania\" \/>\n\t<meta name=\"twitter:data1\" content=\"4 min\u00faty\" \/>\n<script type=\"application\/ld+json\" class=\"yoast-schema-graph\">{\"@context\":\"https:\/\/schema.org\",\"@graph\":[{\"@type\":\"WebPage\",\"@id\":\"https:\/\/tegtam.sk\/sk\/o-mne\/\",\"url\":\"https:\/\/tegtam.sk\/sk\/o-mne\/\",\"name\":\"O mne - Mgr. Tam\u00e1s Tegdes - TEG-TAM\",\"isPartOf\":{\"@id\":\"https:\/\/tegtam.sk\/sk\/#website\"},\"primaryImageOfPage\":{\"@id\":\"https:\/\/tegtam.sk\/sk\/o-mne\/#primaryimage\"},\"image\":{\"@id\":\"https:\/\/tegtam.sk\/sk\/o-mne\/#primaryimage\"},\"thumbnailUrl\":\"https:\/\/tegtam.sk\/sk\/wp-content\/uploads\/2024\/10\/tegtam-gyengebb-minoseg-1-1016x1024.jpg\",\"datePublished\":\"2022-12-27T19:30:07+00:00\",\"dateModified\":\"2024-10-08T10:48:39+00:00\",\"breadcrumb\":{\"@id\":\"https:\/\/tegtam.sk\/sk\/o-mne\/#breadcrumb\"},\"inLanguage\":\"sk-SK\",\"potentialAction\":[{\"@type\":\"ReadAction\",\"target\":[\"https:\/\/tegtam.sk\/sk\/o-mne\/\"]}]},{\"@type\":\"ImageObject\",\"inLanguage\":\"sk-SK\",\"@id\":\"https:\/\/tegtam.sk\/sk\/o-mne\/#primaryimage\",\"url\":\"https:\/\/tegtam.sk\/sk\/wp-content\/uploads\/2024\/10\/tegtam-gyengebb-minoseg-1-scaled.jpg\",\"contentUrl\":\"https:\/\/tegtam.sk\/sk\/wp-content\/uploads\/2024\/10\/tegtam-gyengebb-minoseg-1-scaled.jpg\",\"width\":2541,\"height\":2560},{\"@type\":\"BreadcrumbList\",\"@id\":\"https:\/\/tegtam.sk\/sk\/o-mne\/#breadcrumb\",\"itemListElement\":[{\"@type\":\"ListItem\",\"position\":1,\"name\":\"Domovsk\u00e1 str\u00e1nka\",\"item\":\"https:\/\/tegtam.sk\/sk\/\"},{\"@type\":\"ListItem\",\"position\":2,\"name\":\"O mne\"}]},{\"@type\":\"WebSite\",\"@id\":\"https:\/\/tegtam.sk\/sk\/#website\",\"url\":\"https:\/\/tegtam.sk\/sk\/\",\"name\":\"Mgr. Tam\u00e1s Tegdes - TEG-TAM\",\"description\":\"\",\"publisher\":{\"@id\":\"https:\/\/tegtam.sk\/sk\/#organization\"},\"potentialAction\":[{\"@type\":\"SearchAction\",\"target\":{\"@type\":\"EntryPoint\",\"urlTemplate\":\"https:\/\/tegtam.sk\/sk\/?s={search_term_string}\"},\"query-input\":{\"@type\":\"PropertyValueSpecification\",\"valueRequired\":true,\"valueName\":\"search_term_string\"}}],\"inLanguage\":\"sk-SK\"},{\"@type\":\"Organization\",\"@id\":\"https:\/\/tegtam.sk\/sk\/#organization\",\"name\":\"Mgr. Tam\u00e1s Tegdes - TEG-TAM\",\"url\":\"https:\/\/tegtam.sk\/sk\/\",\"logo\":{\"@type\":\"ImageObject\",\"inLanguage\":\"sk-SK\",\"@id\":\"https:\/\/tegtam.sk\/sk\/#\/schema\/logo\/image\/\",\"url\":\"https:\/\/tegtam.sk\/sk\/wp-content\/uploads\/2024\/09\/cropped-cropped-TegTom_logo2022_szines.png\",\"contentUrl\":\"https:\/\/tegtam.sk\/sk\/wp-content\/uploads\/2024\/09\/cropped-cropped-TegTom_logo2022_szines.png\",\"width\":512,\"height\":512,\"caption\":\"Mgr. Tam\u00e1s Tegdes - TEG-TAM\"},\"image\":{\"@id\":\"https:\/\/tegtam.sk\/sk\/#\/schema\/logo\/image\/\"}}]}<\/script>\n<!-- \/ Yoast SEO plugin. -->","yoast_head_json":{"title":"O mne - Mgr. Tam\u00e1s Tegdes - TEG-TAM","robots":{"index":"index","follow":"follow","max-snippet":"max-snippet:-1","max-image-preview":"max-image-preview:large","max-video-preview":"max-video-preview:-1"},"canonical":"https:\/\/tegtam.sk\/sk\/o-mne\/","og_locale":"sk_SK","og_type":"article","og_title":"O mne - Mgr. Tam\u00e1s Tegdes - TEG-TAM","og_description":"Po skon\u010den\u00ed univerzity som sa zamestnal na psychiatrickom oddelen\u00ed v Ro\u017e\u0148ave, kde pracujem doteraz. Po\u010das \u010fal\u0161ieho vzdel\u00e1vania som bol fascinovan\u00fd mo\u017enos\u0165ami hypn\u00f3zy, ktorej techniky som \u0161tudoval na r\u00f4znych miestach. Ako pracova\u0165 so zmenen\u00fdmi stavmi vedomia, imagin\u00e1ciami a \u010darovn\u00fd svet Eriksonovsk\u00fdch metafor bol pre m\u0148a d\u00f4le\u017eit\u00fdm za\u010diatkom na ceste spozn\u00e1vania sily \u013eudskej psychiky. N\u00e1sledne ma oslovila [&hellip;]","og_url":"https:\/\/tegtam.sk\/sk\/o-mne\/","og_site_name":"Mgr. Tam\u00e1s Tegdes - TEG-TAM","article_modified_time":"2024-10-08T10:48:39+00:00","og_image":[{"url":"https:\/\/tegtam.sk\/sk\/wp-content\/uploads\/2024\/10\/tegtam-gyengebb-minoseg-1-1016x1024.jpg"}],"twitter_card":"summary_large_image","twitter_misc":{"Predpokladan\u00fd \u010das \u010d\u00edtania":"4 min\u00faty"},"schema":{"@context":"https:\/\/schema.org","@graph":[{"@type":"WebPage","@id":"https:\/\/tegtam.sk\/sk\/o-mne\/","url":"https:\/\/tegtam.sk\/sk\/o-mne\/","name":"O mne - Mgr. Tam\u00e1s Tegdes - TEG-TAM","isPartOf":{"@id":"https:\/\/tegtam.sk\/sk\/#website"},"primaryImageOfPage":{"@id":"https:\/\/tegtam.sk\/sk\/o-mne\/#primaryimage"},"image":{"@id":"https:\/\/tegtam.sk\/sk\/o-mne\/#primaryimage"},"thumbnailUrl":"https:\/\/tegtam.sk\/sk\/wp-content\/uploads\/2024\/10\/tegtam-gyengebb-minoseg-1-1016x1024.jpg","datePublished":"2022-12-27T19:30:07+00:00","dateModified":"2024-10-08T10:48:39+00:00","breadcrumb":{"@id":"https:\/\/tegtam.sk\/sk\/o-mne\/#breadcrumb"},"inLanguage":"sk-SK","potentialAction":[{"@type":"ReadAction","target":["https:\/\/tegtam.sk\/sk\/o-mne\/"]}]},{"@type":"ImageObject","inLanguage":"sk-SK","@id":"https:\/\/tegtam.sk\/sk\/o-mne\/#primaryimage","url":"https:\/\/tegtam.sk\/sk\/wp-content\/uploads\/2024\/10\/tegtam-gyengebb-minoseg-1-scaled.jpg","contentUrl":"https:\/\/tegtam.sk\/sk\/wp-content\/uploads\/2024\/10\/tegtam-gyengebb-minoseg-1-scaled.jpg","width":2541,"height":2560},{"@type":"BreadcrumbList","@id":"https:\/\/tegtam.sk\/sk\/o-mne\/#breadcrumb","itemListElement":[{"@type":"ListItem","position":1,"name":"Domovsk\u00e1 str\u00e1nka","item":"https:\/\/tegtam.sk\/sk\/"},{"@type":"ListItem","position":2,"name":"O mne"}]},{"@type":"WebSite","@id":"https:\/\/tegtam.sk\/sk\/#website","url":"https:\/\/tegtam.sk\/sk\/","name":"Mgr. Tam\u00e1s Tegdes - TEG-TAM","description":"","publisher":{"@id":"https:\/\/tegtam.sk\/sk\/#organization"},"potentialAction":[{"@type":"SearchAction","target":{"@type":"EntryPoint","urlTemplate":"https:\/\/tegtam.sk\/sk\/?s={search_term_string}"},"query-input":{"@type":"PropertyValueSpecification","valueRequired":true,"valueName":"search_term_string"}}],"inLanguage":"sk-SK"},{"@type":"Organization","@id":"https:\/\/tegtam.sk\/sk\/#organization","name":"Mgr. Tam\u00e1s Tegdes - TEG-TAM","url":"https:\/\/tegtam.sk\/sk\/","logo":{"@type":"ImageObject","inLanguage":"sk-SK","@id":"https:\/\/tegtam.sk\/sk\/#\/schema\/logo\/image\/","url":"https:\/\/tegtam.sk\/sk\/wp-content\/uploads\/2024\/09\/cropped-cropped-TegTom_logo2022_szines.png","contentUrl":"https:\/\/tegtam.sk\/sk\/wp-content\/uploads\/2024\/09\/cropped-cropped-TegTom_logo2022_szines.png","width":512,"height":512,"caption":"Mgr. Tam\u00e1s Tegdes - TEG-TAM"},"image":{"@id":"https:\/\/tegtam.sk\/sk\/#\/schema\/logo\/image\/"}}]}},"_links":{"self":[{"href":"https:\/\/tegtam.sk\/sk\/wp-json\/wp\/v2\/pages\/2","targetHints":{"allow":["GET"]}}],"collection":[{"href":"https:\/\/tegtam.sk\/sk\/wp-json\/wp\/v2\/pages"}],"about":[{"href":"https:\/\/tegtam.sk\/sk\/wp-json\/wp\/v2\/types\/page"}],"author":[{"embeddable":true,"href":"https:\/\/tegtam.sk\/sk\/wp-json\/wp\/v2\/users\/1"}],"replies":[{"embeddable":true,"href":"https:\/\/tegtam.sk\/sk\/wp-json\/wp\/v2\/comments?post=2"}],"version-history":[{"count":37,"href":"https:\/\/tegtam.sk\/sk\/wp-json\/wp\/v2\/pages\/2\/revisions"}],"predecessor-version":[{"id":223,"href":"https:\/\/tegtam.sk\/sk\/wp-json\/wp\/v2\/pages\/2\/revisions\/223"}],"wp:attachment":[{"href":"https:\/\/tegtam.sk\/sk\/wp-json\/wp\/v2\/media?parent=2"}],"curies":[{"name":"wp","href":"https:\/\/api.w.org\/{rel}","templated":true}]}}