{"id":29,"date":"2024-09-24T17:46:24","date_gmt":"2024-09-24T15:46:24","guid":{"rendered":"https:\/\/tegtam.sk\/sk\/?page_id=29"},"modified":"2025-01-18T12:52:13","modified_gmt":"2025-01-18T11:52:13","slug":"kontakt","status":"publish","type":"page","link":"https:\/\/tegtam.sk\/sk\/kontakt\/","title":{"rendered":"Kontakt"},"content":{"rendered":"\t\t<div data-elementor-type=\"wp-page\" data-elementor-id=\"29\" class=\"elementor elementor-29\">\n\t\t\t\t<div class=\"elementor-element elementor-element-4915f94 e-flex e-con-boxed e-con e-parent\" data-id=\"4915f94\" data-element_type=\"container\">\n\t\t\t\t\t<div class=\"e-con-inner\">\n\t\t<div class=\"elementor-element elementor-element-f13c10a e-con-full e-flex e-con e-child\" data-id=\"f13c10a\" data-element_type=\"container\">\n\t\t\t\t<div class=\"elementor-element elementor-element-708c949 elementor-widget elementor-widget-text-editor\" data-id=\"708c949\" data-element_type=\"widget\" data-widget_type=\"text-editor.default\">\n\t\t\t\t<div class=\"elementor-widget-container\">\n\t\t\t\t\t\t\t<p><strong>Mgr. Tam\u00e1s Tegdes &#8211; TEG-TAM<\/strong><\/p><p>Tel. \u010d.: +421 948 429 408<\/p><p>E-mail: tamas.tegdes@gmail.com<\/p><p>S\u00eddlo: Ro\u017e\u0148ava<\/p>\t\t\t\t\t\t<\/div>\n\t\t\t\t<\/div>\n\t\t\t\t<\/div>\n\t\t\t\t<div class=\"elementor-element elementor-element-87239b7 elementor-widget elementor-widget-image\" data-id=\"87239b7\" data-element_type=\"widget\" data-widget_type=\"image.default\">\n\t\t\t\t<div class=\"elementor-widget-container\">\n\t\t\t\t\t\t\t\t\t\t\t\t\t<img fetchpriority=\"high\" decoding=\"async\" width=\"512\" height=\"512\" src=\"https:\/\/tegtam.sk\/sk\/wp-content\/uploads\/2024\/09\/cropped-cropped-TegTom_logo2022_szines.png\" class=\"attachment-large size-large wp-image-11\" alt=\"TegTam logo\" srcset=\"https:\/\/tegtam.sk\/sk\/wp-content\/uploads\/2024\/09\/cropped-cropped-TegTom_logo2022_szines.png 512w, https:\/\/tegtam.sk\/sk\/wp-content\/uploads\/2024\/09\/cropped-cropped-TegTom_logo2022_szines-300x300.png 300w, https:\/\/tegtam.sk\/sk\/wp-content\/uploads\/2024\/09\/cropped-cropped-TegTom_logo2022_szines-150x150.png 150w, https:\/\/tegtam.sk\/sk\/wp-content\/uploads\/2024\/09\/cropped-cropped-TegTom_logo2022_szines-270x270.png 270w, https:\/\/tegtam.sk\/sk\/wp-content\/uploads\/2024\/09\/cropped-cropped-TegTom_logo2022_szines-192x192.png 192w, https:\/\/tegtam.sk\/sk\/wp-content\/uploads\/2024\/09\/cropped-cropped-TegTom_logo2022_szines-180x180.png 180w, https:\/\/tegtam.sk\/sk\/wp-content\/uploads\/2024\/09\/cropped-cropped-TegTom_logo2022_szines-32x32.png 32w\" sizes=\"(max-width: 512px) 100vw, 512px\" \/>\t\t\t\t\t\t\t\t\t\t\t\t\t<\/div>\n\t\t\t\t<\/div>\n\t\t\t\t\t<\/div>\n\t\t\t\t<\/div>\n\t\t<div class=\"elementor-element elementor-element-4c51054 e-flex e-con-boxed e-con e-parent\" data-id=\"4c51054\" data-element_type=\"container\">\n\t\t\t\t\t<div class=\"e-con-inner\">\n\t\t\t\t<div class=\"elementor-element elementor-element-8c94e2f elementor-widget-divider--separator-type-pattern elementor-widget-divider--view-line elementor-widget elementor-widget-divider\" data-id=\"8c94e2f\" data-element_type=\"widget\" data-widget_type=\"divider.default\">\n\t\t\t\t<div class=\"elementor-widget-container\">\n\t\t\t\t\t<div class=\"elementor-divider\" style=\"--divider-pattern-url: url(&quot;data:image\/svg+xml,%3Csvg xmlns=&#039;http:\/\/www.w3.org\/2000\/svg&#039; preserveAspectRatio=&#039;none&#039; overflow=&#039;visible&#039; height=&#039;100%&#039; viewBox=&#039;0 0 20 16&#039; fill=&#039;none&#039; stroke=&#039;black&#039; stroke-width=&#039;1&#039; stroke-linecap=&#039;square&#039; stroke-miterlimit=&#039;10&#039;%3E%3Cg transform=&#039;translate(-12.000000, 0)&#039;%3E%3Cpath d=&#039;M28,0L10,18&#039;\/%3E%3Cpath d=&#039;M18,0L0,18&#039;\/%3E%3Cpath d=&#039;M48,0L30,18&#039;\/%3E%3Cpath d=&#039;M38,0L20,18&#039;\/%3E%3C\/g%3E%3C\/svg%3E&quot;);\">\n\t\t\t<span class=\"elementor-divider-separator\">\n\t\t\t\t\t\t<\/span>\n\t\t<\/div>\n\t\t\t\t<\/div>\n\t\t\t\t<\/div>\n\t\t\t\t<div class=\"elementor-element elementor-element-b6b7125 elementor-widget elementor-widget-text-editor\" data-id=\"b6b7125\" data-element_type=\"widget\" data-widget_type=\"text-editor.default\">\n\t\t\t\t<div class=\"elementor-widget-container\">\n\t\t\t\t\t\t\t<p>Kde ma n\u00e1jdete?<\/p>\t\t\t\t\t\t<\/div>\n\t\t\t\t<\/div>\n\t\t\t\t\t<\/div>\n\t\t\t\t<\/div>\n\t\t<div class=\"elementor-element elementor-element-d93a978 e-flex e-con-boxed e-con e-parent\" data-id=\"d93a978\" data-element_type=\"container\">\n\t\t\t\t\t<div class=\"e-con-inner\">\n\t\t<div class=\"elementor-element elementor-element-a78c0c2 e-con-full e-flex e-con e-child\" data-id=\"a78c0c2\" data-element_type=\"container\">\n\t\t\t\t<div class=\"elementor-element elementor-element-cfab36c elementor-widget elementor-widget-image\" data-id=\"cfab36c\" data-element_type=\"widget\" data-widget_type=\"image.default\">\n\t\t\t\t<div class=\"elementor-widget-container\">\n\t\t\t\t\t\t\t\t\t\t\t\t\t<img decoding=\"async\" width=\"760\" height=\"504\" src=\"https:\/\/tegtam.sk\/sk\/wp-content\/uploads\/2024\/10\/kancelaria.jpg\" class=\"attachment-large size-large wp-image-157\" alt=\"\" srcset=\"https:\/\/tegtam.sk\/sk\/wp-content\/uploads\/2024\/10\/kancelaria.jpg 760w, https:\/\/tegtam.sk\/sk\/wp-content\/uploads\/2024\/10\/kancelaria-300x199.jpg 300w\" sizes=\"(max-width: 760px) 100vw, 760px\" \/>\t\t\t\t\t\t\t\t\t\t\t\t\t<\/div>\n\t\t\t\t<\/div>\n\t\t\t\t<\/div>\n\t\t<div class=\"elementor-element elementor-element-00f7c0f e-con-full e-flex e-con e-child\" data-id=\"00f7c0f\" data-element_type=\"container\">\n\t\t\t\t<div class=\"elementor-element elementor-element-28a4990 elementor-widget elementor-widget-text-editor\" data-id=\"28a4990\" data-element_type=\"widget\" data-widget_type=\"text-editor.default\">\n\t\t\t\t<div class=\"elementor-widget-container\">\n\t\t\t\t\t\t\t<p>Kancel\u00e1riu m\u00e1m v Ro\u017e\u0148ave.<\/p>\n<p>Adresa: N\u00e1mestie ban\u00edkov<\/p>\n<p>Modr\u00e9 dvere medzi Milk-Agrom a bankomatom, 1. poschodie v\u013eavo.<\/p>\t\t\t\t\t\t<\/div>\n\t\t\t\t<\/div>\n\t\t\t\t<\/div>\n\t\t\t\t\t<\/div>\n\t\t\t\t<\/div>\n\t\t<div class=\"elementor-element elementor-element-f272a01 e-flex e-con-boxed e-con e-parent\" data-id=\"f272a01\" data-element_type=\"container\">\n\t\t\t\t\t<div class=\"e-con-inner\">\n\t\t\t\t<div class=\"elementor-element elementor-element-b251c5d elementor-widget-divider--separator-type-pattern elementor-widget-divider--view-line elementor-widget elementor-widget-divider\" data-id=\"b251c5d\" data-element_type=\"widget\" data-widget_type=\"divider.default\">\n\t\t\t\t<div class=\"elementor-widget-container\">\n\t\t\t\t\t<div class=\"elementor-divider\" style=\"--divider-pattern-url: url(&quot;data:image\/svg+xml,%3Csvg xmlns=&#039;http:\/\/www.w3.org\/2000\/svg&#039; preserveAspectRatio=&#039;none&#039; overflow=&#039;visible&#039; height=&#039;100%&#039; viewBox=&#039;0 0 20 16&#039; fill=&#039;none&#039; stroke=&#039;black&#039; stroke-width=&#039;1&#039; stroke-linecap=&#039;square&#039; stroke-miterlimit=&#039;10&#039;%3E%3Cg transform=&#039;translate(-12.000000, 0)&#039;%3E%3Cpath d=&#039;M28,0L10,18&#039;\/%3E%3Cpath d=&#039;M18,0L0,18&#039;\/%3E%3Cpath d=&#039;M48,0L30,18&#039;\/%3E%3Cpath d=&#039;M38,0L20,18&#039;\/%3E%3C\/g%3E%3C\/svg%3E&quot;);\">\n\t\t\t<span class=\"elementor-divider-separator\">\n\t\t\t\t\t\t<\/span>\n\t\t<\/div>\n\t\t\t\t<\/div>\n\t\t\t\t<\/div>\n\t\t\t\t<div class=\"elementor-element elementor-element-d998d65 elementor-widget elementor-widget-text-editor\" data-id=\"d998d65\" data-element_type=\"widget\" data-widget_type=\"text-editor.default\">\n\t\t\t\t<div class=\"elementor-widget-container\">\n\t\t\t\t\t\t\t<p>Pomocn\u00e9 vide\u00e1<\/p>\t\t\t\t\t\t<\/div>\n\t\t\t\t<\/div>\n\t\t\t\t<div class=\"elementor-element elementor-element-563b138 elementor-widget elementor-widget-text-editor\" data-id=\"563b138\" data-element_type=\"widget\" data-widget_type=\"text-editor.default\">\n\t\t\t\t<div class=\"elementor-widget-container\">\n\t\t\t\t\t\t\t<p><strong>YouTube kan\u00e1l: <\/strong><a href=\"https:\/\/www.youtube.com\/@teg-tam\/videos\">https:\/\/www.youtube.com\/@teg-tam\/videos<\/a><\/p>\t\t\t\t\t\t<\/div>\n\t\t\t\t<\/div>\n\t\t\t\t<div class=\"elementor-element elementor-element-a4838ef elementor-align-center elementor-widget elementor-widget-button\" data-id=\"a4838ef\" data-element_type=\"widget\" data-widget_type=\"button.default\">\n\t\t\t\t<div class=\"elementor-widget-container\">\n\t\t\t\t\t<div class=\"elementor-button-wrapper\">\n\t\t\t<a class=\"elementor-button elementor-button-link elementor-size-sm elementor-animation-grow\" href=\"https:\/\/www.youtube.com\/@teg-tam\/videos\" target=\"_blank\">\n\t\t\t\t\t\t<span class=\"elementor-button-content-wrapper\">\n\t\t\t\t\t\t<span class=\"elementor-button-icon\">\n\t\t\t\t<svg aria-hidden=\"true\" class=\"e-font-icon-svg e-far-play-circle\" viewBox=\"0 0 512 512\" xmlns=\"http:\/\/www.w3.org\/2000\/svg\"><path d=\"M371.7 238l-176-107c-15.8-8.8-35.7 2.5-35.7 21v208c0 18.4 19.8 29.8 35.7 21l176-101c16.4-9.1 16.4-32.8 0-42zM504 256C504 119 393 8 256 8S8 119 8 256s111 248 248 248 248-111 248-248zm-448 0c0-110.5 89.5-200 200-200s200 89.5 200 200-89.5 200-200 200S56 366.5 56 256z\"><\/path><\/svg>\t\t\t<\/span>\n\t\t\t\t\t\t\t\t\t<span class=\"elementor-button-text\">chcem to vidie\u0165<\/span>\n\t\t\t\t\t<\/span>\n\t\t\t\t\t<\/a>\n\t\t<\/div>\n\t\t\t\t<\/div>\n\t\t\t\t<\/div>\n\t\t\t\t<div class=\"elementor-element elementor-element-faa8deb elementor-widget elementor-widget-image\" data-id=\"faa8deb\" data-element_type=\"widget\" data-widget_type=\"image.default\">\n\t\t\t\t<div class=\"elementor-widget-container\">\n\t\t\t\t\t\t\t\t\t\t\t\t\t<img decoding=\"async\" width=\"1024\" height=\"576\" src=\"https:\/\/tegtam.sk\/sk\/wp-content\/uploads\/2024\/10\/youtube-1024x576.jpg\" class=\"attachment-large size-large wp-image-135\" alt=\"\" srcset=\"https:\/\/tegtam.sk\/sk\/wp-content\/uploads\/2024\/10\/youtube-1024x576.jpg 1024w, https:\/\/tegtam.sk\/sk\/wp-content\/uploads\/2024\/10\/youtube-300x169.jpg 300w, https:\/\/tegtam.sk\/sk\/wp-content\/uploads\/2024\/10\/youtube-768x432.jpg 768w, https:\/\/tegtam.sk\/sk\/wp-content\/uploads\/2024\/10\/youtube-1536x864.jpg 1536w, https:\/\/tegtam.sk\/sk\/wp-content\/uploads\/2024\/10\/youtube.jpg 1920w\" sizes=\"(max-width: 1024px) 100vw, 1024px\" \/>\t\t\t\t\t\t\t\t\t\t\t\t\t<\/div>\n\t\t\t\t<\/div>\n\t\t\t\t\t<\/div>\n\t\t\t\t<\/div>\n\t\t<div class=\"elementor-element elementor-element-dda68fc e-flex e-con-boxed e-con e-parent\" data-id=\"dda68fc\" data-element_type=\"container\">\n\t\t\t\t\t<div class=\"e-con-inner\">\n\t\t\t\t<div class=\"elementor-element elementor-element-2ccd735 elementor-widget-divider--separator-type-pattern elementor-widget-divider--view-line elementor-widget elementor-widget-divider\" data-id=\"2ccd735\" data-element_type=\"widget\" data-widget_type=\"divider.default\">\n\t\t\t\t<div class=\"elementor-widget-container\">\n\t\t\t\t\t<div class=\"elementor-divider\" style=\"--divider-pattern-url: url(&quot;data:image\/svg+xml,%3Csvg xmlns=&#039;http:\/\/www.w3.org\/2000\/svg&#039; preserveAspectRatio=&#039;none&#039; overflow=&#039;visible&#039; height=&#039;100%&#039; viewBox=&#039;0 0 20 16&#039; fill=&#039;none&#039; stroke=&#039;black&#039; stroke-width=&#039;1&#039; stroke-linecap=&#039;square&#039; stroke-miterlimit=&#039;10&#039;%3E%3Cg transform=&#039;translate(-12.000000, 0)&#039;%3E%3Cpath d=&#039;M28,0L10,18&#039;\/%3E%3Cpath d=&#039;M18,0L0,18&#039;\/%3E%3Cpath d=&#039;M48,0L30,18&#039;\/%3E%3Cpath d=&#039;M38,0L20,18&#039;\/%3E%3C\/g%3E%3C\/svg%3E&quot;);\">\n\t\t\t<span class=\"elementor-divider-separator\">\n\t\t\t\t\t\t<\/span>\n\t\t<\/div>\n\t\t\t\t<\/div>\n\t\t\t\t<\/div>\n\t\t\t\t\t<\/div>\n\t\t\t\t<\/div>\n\t\t\t\t<\/div>\n\t\t","protected":false},"excerpt":{"rendered":"<p>Mgr. Tam\u00e1s Tegdes &#8211; TEG-TAM Tel. \u010d.: +421 948 429 408 E-mail: tamas.tegdes@gmail.com S\u00eddlo: Ro\u017e\u0148ava Kde ma n\u00e1jdete? Kancel\u00e1riu m\u00e1m v Ro\u017e\u0148ave. Adresa: N\u00e1mestie ban\u00edkov Modr\u00e9 dvere medzi Milk-Agrom a bankomatom, 1. poschodie v\u013eavo. Pomocn\u00e9 vide\u00e1 YouTube kan\u00e1l: https:\/\/www.youtube.com\/@teg-tam\/videos chcem to vidie\u0165<\/p>\n","protected":false},"author":1,"featured_media":0,"parent":0,"menu_order":0,"comment_status":"closed","ping_status":"closed","template":"","meta":{"footnotes":""},"class_list":["post-29","page","type-page","status-publish","hentry"],"yoast_head":"<!-- This site is optimized with the Yoast SEO plugin v23.5 - https:\/\/yoast.com\/wordpress\/plugins\/seo\/ -->\n<title>Kontakt - Mgr. Tam\u00e1s Tegdes - TEG-TAM<\/title>\n<meta name=\"robots\" content=\"index, follow, max-snippet:-1, max-image-preview:large, max-video-preview:-1\" \/>\n<link rel=\"canonical\" href=\"https:\/\/tegtam.sk\/sk\/kontakt\/\" \/>\n<meta property=\"og:locale\" content=\"sk_SK\" \/>\n<meta property=\"og:type\" content=\"article\" \/>\n<meta property=\"og:title\" content=\"Kontakt - Mgr. Tam\u00e1s Tegdes - TEG-TAM\" \/>\n<meta property=\"og:description\" content=\"Mgr. Tam\u00e1s Tegdes &#8211; TEG-TAM Tel. \u010d.: +421 948 429 408 E-mail: tamas.tegdes@gmail.com S\u00eddlo: Ro\u017e\u0148ava Kde ma n\u00e1jdete? Kancel\u00e1riu m\u00e1m v Ro\u017e\u0148ave. Adresa: N\u00e1mestie ban\u00edkov Modr\u00e9 dvere medzi Milk-Agrom a bankomatom, 1. poschodie v\u013eavo. Pomocn\u00e9 vide\u00e1 YouTube kan\u00e1l: https:\/\/www.youtube.com\/@teg-tam\/videos chcem to vidie\u0165\" \/>\n<meta property=\"og:url\" content=\"https:\/\/tegtam.sk\/sk\/kontakt\/\" \/>\n<meta property=\"og:site_name\" content=\"Mgr. Tam\u00e1s Tegdes - TEG-TAM\" \/>\n<meta property=\"article:modified_time\" content=\"2025-01-18T11:52:13+00:00\" \/>\n<meta property=\"og:image\" content=\"https:\/\/tegtam.sk\/sk\/wp-content\/uploads\/2024\/09\/cropped-cropped-TegTom_logo2022_szines.png\" \/>\n<meta name=\"twitter:card\" content=\"summary_large_image\" \/>\n<meta name=\"twitter:label1\" content=\"Predpokladan\u00fd \u010das \u010d\u00edtania\" \/>\n\t<meta name=\"twitter:data1\" content=\"1 min\u00fata\" \/>\n<script type=\"application\/ld+json\" class=\"yoast-schema-graph\">{\"@context\":\"https:\/\/schema.org\",\"@graph\":[{\"@type\":\"WebPage\",\"@id\":\"https:\/\/tegtam.sk\/sk\/kontakt\/\",\"url\":\"https:\/\/tegtam.sk\/sk\/kontakt\/\",\"name\":\"Kontakt - Mgr. Tam\u00e1s Tegdes - TEG-TAM\",\"isPartOf\":{\"@id\":\"https:\/\/tegtam.sk\/sk\/#website\"},\"primaryImageOfPage\":{\"@id\":\"https:\/\/tegtam.sk\/sk\/kontakt\/#primaryimage\"},\"image\":{\"@id\":\"https:\/\/tegtam.sk\/sk\/kontakt\/#primaryimage\"},\"thumbnailUrl\":\"https:\/\/tegtam.sk\/sk\/wp-content\/uploads\/2024\/09\/cropped-cropped-TegTom_logo2022_szines.png\",\"datePublished\":\"2024-09-24T15:46:24+00:00\",\"dateModified\":\"2025-01-18T11:52:13+00:00\",\"breadcrumb\":{\"@id\":\"https:\/\/tegtam.sk\/sk\/kontakt\/#breadcrumb\"},\"inLanguage\":\"sk-SK\",\"potentialAction\":[{\"@type\":\"ReadAction\",\"target\":[\"https:\/\/tegtam.sk\/sk\/kontakt\/\"]}]},{\"@type\":\"ImageObject\",\"inLanguage\":\"sk-SK\",\"@id\":\"https:\/\/tegtam.sk\/sk\/kontakt\/#primaryimage\",\"url\":\"https:\/\/tegtam.sk\/sk\/wp-content\/uploads\/2024\/09\/cropped-cropped-TegTom_logo2022_szines.png\",\"contentUrl\":\"https:\/\/tegtam.sk\/sk\/wp-content\/uploads\/2024\/09\/cropped-cropped-TegTom_logo2022_szines.png\",\"width\":512,\"height\":512,\"caption\":\"TegTam logo\"},{\"@type\":\"BreadcrumbList\",\"@id\":\"https:\/\/tegtam.sk\/sk\/kontakt\/#breadcrumb\",\"itemListElement\":[{\"@type\":\"ListItem\",\"position\":1,\"name\":\"Domovsk\u00e1 str\u00e1nka\",\"item\":\"https:\/\/tegtam.sk\/sk\/\"},{\"@type\":\"ListItem\",\"position\":2,\"name\":\"Kontakt\"}]},{\"@type\":\"WebSite\",\"@id\":\"https:\/\/tegtam.sk\/sk\/#website\",\"url\":\"https:\/\/tegtam.sk\/sk\/\",\"name\":\"Mgr. Tam\u00e1s Tegdes - TEG-TAM\",\"description\":\"\",\"publisher\":{\"@id\":\"https:\/\/tegtam.sk\/sk\/#organization\"},\"potentialAction\":[{\"@type\":\"SearchAction\",\"target\":{\"@type\":\"EntryPoint\",\"urlTemplate\":\"https:\/\/tegtam.sk\/sk\/?s={search_term_string}\"},\"query-input\":{\"@type\":\"PropertyValueSpecification\",\"valueRequired\":true,\"valueName\":\"search_term_string\"}}],\"inLanguage\":\"sk-SK\"},{\"@type\":\"Organization\",\"@id\":\"https:\/\/tegtam.sk\/sk\/#organization\",\"name\":\"Mgr. Tam\u00e1s Tegdes - TEG-TAM\",\"url\":\"https:\/\/tegtam.sk\/sk\/\",\"logo\":{\"@type\":\"ImageObject\",\"inLanguage\":\"sk-SK\",\"@id\":\"https:\/\/tegtam.sk\/sk\/#\/schema\/logo\/image\/\",\"url\":\"https:\/\/tegtam.sk\/sk\/wp-content\/uploads\/2024\/09\/cropped-cropped-TegTom_logo2022_szines.png\",\"contentUrl\":\"https:\/\/tegtam.sk\/sk\/wp-content\/uploads\/2024\/09\/cropped-cropped-TegTom_logo2022_szines.png\",\"width\":512,\"height\":512,\"caption\":\"Mgr. Tam\u00e1s Tegdes - TEG-TAM\"},\"image\":{\"@id\":\"https:\/\/tegtam.sk\/sk\/#\/schema\/logo\/image\/\"}}]}<\/script>\n<!-- \/ Yoast SEO plugin. -->","yoast_head_json":{"title":"Kontakt - Mgr. Tam\u00e1s Tegdes - TEG-TAM","robots":{"index":"index","follow":"follow","max-snippet":"max-snippet:-1","max-image-preview":"max-image-preview:large","max-video-preview":"max-video-preview:-1"},"canonical":"https:\/\/tegtam.sk\/sk\/kontakt\/","og_locale":"sk_SK","og_type":"article","og_title":"Kontakt - Mgr. Tam\u00e1s Tegdes - TEG-TAM","og_description":"Mgr. Tam\u00e1s Tegdes &#8211; TEG-TAM Tel. \u010d.: +421 948 429 408 E-mail: tamas.tegdes@gmail.com S\u00eddlo: Ro\u017e\u0148ava Kde ma n\u00e1jdete? Kancel\u00e1riu m\u00e1m v Ro\u017e\u0148ave. Adresa: N\u00e1mestie ban\u00edkov Modr\u00e9 dvere medzi Milk-Agrom a bankomatom, 1. poschodie v\u013eavo. Pomocn\u00e9 vide\u00e1 YouTube kan\u00e1l: https:\/\/www.youtube.com\/@teg-tam\/videos chcem to vidie\u0165","og_url":"https:\/\/tegtam.sk\/sk\/kontakt\/","og_site_name":"Mgr. Tam\u00e1s Tegdes - TEG-TAM","article_modified_time":"2025-01-18T11:52:13+00:00","og_image":[{"url":"https:\/\/tegtam.sk\/sk\/wp-content\/uploads\/2024\/09\/cropped-cropped-TegTom_logo2022_szines.png"}],"twitter_card":"summary_large_image","twitter_misc":{"Predpokladan\u00fd \u010das \u010d\u00edtania":"1 min\u00fata"},"schema":{"@context":"https:\/\/schema.org","@graph":[{"@type":"WebPage","@id":"https:\/\/tegtam.sk\/sk\/kontakt\/","url":"https:\/\/tegtam.sk\/sk\/kontakt\/","name":"Kontakt - Mgr. Tam\u00e1s Tegdes - TEG-TAM","isPartOf":{"@id":"https:\/\/tegtam.sk\/sk\/#website"},"primaryImageOfPage":{"@id":"https:\/\/tegtam.sk\/sk\/kontakt\/#primaryimage"},"image":{"@id":"https:\/\/tegtam.sk\/sk\/kontakt\/#primaryimage"},"thumbnailUrl":"https:\/\/tegtam.sk\/sk\/wp-content\/uploads\/2024\/09\/cropped-cropped-TegTom_logo2022_szines.png","datePublished":"2024-09-24T15:46:24+00:00","dateModified":"2025-01-18T11:52:13+00:00","breadcrumb":{"@id":"https:\/\/tegtam.sk\/sk\/kontakt\/#breadcrumb"},"inLanguage":"sk-SK","potentialAction":[{"@type":"ReadAction","target":["https:\/\/tegtam.sk\/sk\/kontakt\/"]}]},{"@type":"ImageObject","inLanguage":"sk-SK","@id":"https:\/\/tegtam.sk\/sk\/kontakt\/#primaryimage","url":"https:\/\/tegtam.sk\/sk\/wp-content\/uploads\/2024\/09\/cropped-cropped-TegTom_logo2022_szines.png","contentUrl":"https:\/\/tegtam.sk\/sk\/wp-content\/uploads\/2024\/09\/cropped-cropped-TegTom_logo2022_szines.png","width":512,"height":512,"caption":"TegTam logo"},{"@type":"BreadcrumbList","@id":"https:\/\/tegtam.sk\/sk\/kontakt\/#breadcrumb","itemListElement":[{"@type":"ListItem","position":1,"name":"Domovsk\u00e1 str\u00e1nka","item":"https:\/\/tegtam.sk\/sk\/"},{"@type":"ListItem","position":2,"name":"Kontakt"}]},{"@type":"WebSite","@id":"https:\/\/tegtam.sk\/sk\/#website","url":"https:\/\/tegtam.sk\/sk\/","name":"Mgr. Tam\u00e1s Tegdes - TEG-TAM","description":"","publisher":{"@id":"https:\/\/tegtam.sk\/sk\/#organization"},"potentialAction":[{"@type":"SearchAction","target":{"@type":"EntryPoint","urlTemplate":"https:\/\/tegtam.sk\/sk\/?s={search_term_string}"},"query-input":{"@type":"PropertyValueSpecification","valueRequired":true,"valueName":"search_term_string"}}],"inLanguage":"sk-SK"},{"@type":"Organization","@id":"https:\/\/tegtam.sk\/sk\/#organization","name":"Mgr. Tam\u00e1s Tegdes - TEG-TAM","url":"https:\/\/tegtam.sk\/sk\/","logo":{"@type":"ImageObject","inLanguage":"sk-SK","@id":"https:\/\/tegtam.sk\/sk\/#\/schema\/logo\/image\/","url":"https:\/\/tegtam.sk\/sk\/wp-content\/uploads\/2024\/09\/cropped-cropped-TegTom_logo2022_szines.png","contentUrl":"https:\/\/tegtam.sk\/sk\/wp-content\/uploads\/2024\/09\/cropped-cropped-TegTom_logo2022_szines.png","width":512,"height":512,"caption":"Mgr. Tam\u00e1s Tegdes - TEG-TAM"},"image":{"@id":"https:\/\/tegtam.sk\/sk\/#\/schema\/logo\/image\/"}}]}},"_links":{"self":[{"href":"https:\/\/tegtam.sk\/sk\/wp-json\/wp\/v2\/pages\/29","targetHints":{"allow":["GET"]}}],"collection":[{"href":"https:\/\/tegtam.sk\/sk\/wp-json\/wp\/v2\/pages"}],"about":[{"href":"https:\/\/tegtam.sk\/sk\/wp-json\/wp\/v2\/types\/page"}],"author":[{"embeddable":true,"href":"https:\/\/tegtam.sk\/sk\/wp-json\/wp\/v2\/users\/1"}],"replies":[{"embeddable":true,"href":"https:\/\/tegtam.sk\/sk\/wp-json\/wp\/v2\/comments?post=29"}],"version-history":[{"count":38,"href":"https:\/\/tegtam.sk\/sk\/wp-json\/wp\/v2\/pages\/29\/revisions"}],"predecessor-version":[{"id":227,"href":"https:\/\/tegtam.sk\/sk\/wp-json\/wp\/v2\/pages\/29\/revisions\/227"}],"wp:attachment":[{"href":"https:\/\/tegtam.sk\/sk\/wp-json\/wp\/v2\/media?parent=29"}],"curies":[{"name":"wp","href":"https:\/\/api.w.org\/{rel}","templated":true}]}}